{"id":711,"date":"2026-02-22T10:11:31","date_gmt":"2026-02-22T09:11:31","guid":{"rendered":"https:\/\/demo.academiathemes.com\/cityhall-cityhall\/?page_id=711"},"modified":"2026-04-07T08:31:16","modified_gmt":"2026-04-07T07:31:16","slug":"velkommen","status":"publish","type":"page","link":"https:\/\/naturogmad.dk\/index.php\/velkommen\/","title":{"rendered":"Velkommen"},"content":{"rendered":"<p><img loading=\"lazy\" decoding=\"async\" src=\"https:\/\/naturogmad.dk\/wp-content\/uploads\/2026\/02\/Carl_1.webp\" alt=\"carl\" width=\"272\" height=\"300\" class=\"alignright size-full wp-image-935\" \/>Velkommen til min hjemmeside som omhandler natur, milj\u00f8, biodiversitet, landbrug, dyrevelf\u00e6rd, og hvad vi stopper ind af mad i munden.<\/p>\n<p>Jeg er f\u00f8dt i 1954 p\u00e5 et lille husmandssted. Dengang t\u00e6nke man ikke s\u00e5 meget om hvad man brugte af spr\u00f8jtegifte, og natur og biodiversitet var fremmedord dengang. Min far brugte DDT s\u00e5 l\u00e6nge det var tilladt. Jeg husker at det stang forf\u00e6rdeligt, men fik at vide at det var ganske ufarligt.<\/p>\n<p>I 1995 gik det op for mig hvor meget vi som mennesker skader naturen. Jeg bor i et lille bindingsv\u00e6rkshus fra 1776 sammen med min kone. Grunden er kun p\u00e5 560 kvadratmeter. Her dyrker vi gr\u00f8nsager i 3 h\u00f8jbede, og der bliver ikke brugt spr\u00f8jtegifte, hverken i haven eller i drivhuset.<\/p>\n<p>Der er ogs\u00e5 plantet mange forskellige blomster til insekterne, som blomster fra februar og indtil november, Der er ogs\u00e5 et lille steng\u00e6rde, men endnu er der ikke flyttet dyr ind efter hvad jeg kan se.<br \/>\nVi kan ikke producere \u00f8kologiske gr\u00f8ntsager til hele \u00e5ret, s\u00e5 vi k\u00f8ber alt hvad vi kan f\u00e5 af \u00f8kologisk  gr\u00f8ntsager. \u00d8kologisk k\u00f8d k\u00f8ber vi hos <a href=\"https:\/\/www.kodbilen.dk\/\" target=\"_blank\">K\u00f8dbilen<\/a>.<\/p>\n<p>Form\u00e5let med min hjemmeside er at g\u00f8re opm\u00e6rksom p\u00e5 at vi ikke kan skalte og valte med naturen som vi vil. Den er dyrebar og vi skal alle passe p\u00e5 den. <\/p>\n<p>Vi kommer fra naturen, men det er som om at mennesker har glemt det. Uden natur ingen mennesker, s\u00e5 h\u00e5rdt kan det siges, og jeg h\u00e5ber at flere f\u00e5r \u00f8jnene op for det. <\/p>\n<p>Vi b\u00f8r fors\u00f8ge at efterlade verden som et bedre sted, end da vi kom ind i den. Som enkeltpersoner kan vi g\u00f8re en forskel, hvad enten det er at udforske naturens hemmeligheder, at rydde op i milj\u00f8et og arbejde for fred og social retf\u00e6rdighed, eller at n\u00e6re den nysgerrige, livlige \u00e5nd hos unge ved at v\u00e6re mentor og vejleder for dem <a href=\"https:\/\/en.wikipedia.org\/wiki\/Michio_Kaku\" target=\"_blank\">Michio Kaku<\/a><\/p>\n<p>N\u00e5r det sidste tr\u00e6 er f\u00e6ldet, den sidste flod forgiftet, den sidste fisk fanget, f\u00f8rst da vil folk indse, at penge ikke kan spises. <a href=\"https:\/\/da.wikipedia.org\/wiki\/Siddende_Tyr\" target=\"_blank\">Siddende tyr<\/a><\/p>\n<p><strong>Carl Andersen<\/strong><\/p>\n","protected":false},"excerpt":{"rendered":"<p>Et harum quidem rerum facilis est et expedita distinctio. Nam libero tempore, cum soluta nobis est eligendi optio cumque nihil impedit quo minus id quod maxime placeat facere possimus, omnis voluptas assumenda est, omnis dolor repellendus.<\/p>\n","protected":false},"author":1,"featured_media":938,"parent":0,"menu_order":0,"comment_status":"closed","ping_status":"closed","template":"","meta":{"footnotes":""},"class_list":["post-711","page","type-page","status-publish","has-post-thumbnail","hentry"],"yoast_head":"<!-- This site is optimized with the Yoast SEO Premium plugin v27.4 (Yoast SEO v27.4) - https:\/\/yoast.com\/product\/yoast-seo-premium-wordpress\/ -->\n<title>Velkommen - Natur og mad<\/title>\n<meta name=\"description\" content=\"Velkommen til min hjemmeside som omhandler natur, milj\u00f8, biodiversitet, landbrug, dyrevelf\u00e6rd, og hvad vi stopper ind af mad i munden.\" \/>\n<meta name=\"robots\" content=\"index, follow, max-snippet:-1, max-image-preview:large, max-video-preview:-1\" \/>\n<link rel=\"canonical\" href=\"https:\/\/naturogmad.dk\/index.php\/velkommen\/\" \/>\n<meta property=\"og:locale\" content=\"da_DK\" \/>\n<meta property=\"og:type\" content=\"article\" \/>\n<meta property=\"og:title\" content=\"Velkommen\" \/>\n<meta property=\"og:description\" content=\"Velkommen til min hjemmeside som omhandler natur, milj\u00f8, biodiversitet, landbrug, dyrevelf\u00e6rd, og hvad vi stopper ind af mad i munden.\" \/>\n<meta property=\"og:url\" content=\"https:\/\/naturogmad.dk\/index.php\/velkommen\/\" \/>\n<meta property=\"og:site_name\" content=\"Natur og mad\" \/>\n<meta property=\"article:modified_time\" content=\"2026-04-07T07:31:16+00:00\" \/>\n<meta property=\"og:image\" content=\"https:\/\/naturogmad.dk\/wp-content\/uploads\/2026\/02\/Have_1.webp\" \/>\n\t<meta property=\"og:image:width\" content=\"1600\" \/>\n\t<meta property=\"og:image:height\" content=\"575\" \/>\n\t<meta property=\"og:image:type\" content=\"image\/webp\" \/>\n<meta name=\"twitter:card\" content=\"summary_large_image\" \/>\n<meta name=\"twitter:label1\" content=\"Estimeret l\u00e6setid\" \/>\n\t<meta name=\"twitter:data1\" content=\"3 minutter\" \/>\n<script type=\"application\/ld+json\" class=\"yoast-schema-graph\">{\"@context\":\"https:\\\/\\\/schema.org\",\"@graph\":[{\"@type\":\"WebPage\",\"@id\":\"https:\\\/\\\/naturogmad.dk\\\/index.php\\\/velkommen\\\/\",\"url\":\"https:\\\/\\\/naturogmad.dk\\\/index.php\\\/velkommen\\\/\",\"name\":\"Velkommen - Natur og mad\",\"isPartOf\":{\"@id\":\"https:\\\/\\\/naturogmad.dk\\\/#website\"},\"primaryImageOfPage\":{\"@id\":\"https:\\\/\\\/naturogmad.dk\\\/index.php\\\/velkommen\\\/#primaryimage\"},\"image\":{\"@id\":\"https:\\\/\\\/naturogmad.dk\\\/index.php\\\/velkommen\\\/#primaryimage\"},\"thumbnailUrl\":\"https:\\\/\\\/naturogmad.dk\\\/wp-content\\\/uploads\\\/2026\\\/02\\\/Have_1.webp\",\"datePublished\":\"2026-02-22T09:11:31+00:00\",\"dateModified\":\"2026-04-07T07:31:16+00:00\",\"description\":\"Velkommen til min hjemmeside som omhandler natur, milj\u00f8, biodiversitet, landbrug, dyrevelf\u00e6rd, og hvad vi stopper ind af mad i munden.\",\"breadcrumb\":{\"@id\":\"https:\\\/\\\/naturogmad.dk\\\/index.php\\\/velkommen\\\/#breadcrumb\"},\"inLanguage\":\"da-DK\",\"potentialAction\":[{\"@type\":\"ReadAction\",\"target\":[\"https:\\\/\\\/naturogmad.dk\\\/index.php\\\/velkommen\\\/\"]}]},{\"@type\":\"ImageObject\",\"inLanguage\":\"da-DK\",\"@id\":\"https:\\\/\\\/naturogmad.dk\\\/index.php\\\/velkommen\\\/#primaryimage\",\"url\":\"https:\\\/\\\/naturogmad.dk\\\/wp-content\\\/uploads\\\/2026\\\/02\\\/Have_1.webp\",\"contentUrl\":\"https:\\\/\\\/naturogmad.dk\\\/wp-content\\\/uploads\\\/2026\\\/02\\\/Have_1.webp\",\"width\":1600,\"height\":575,\"caption\":\"have\"},{\"@type\":\"BreadcrumbList\",\"@id\":\"https:\\\/\\\/naturogmad.dk\\\/index.php\\\/velkommen\\\/#breadcrumb\",\"itemListElement\":[{\"@type\":\"ListItem\",\"position\":1,\"name\":\"Home\",\"item\":\"https:\\\/\\\/naturogmad.dk\\\/\"},{\"@type\":\"ListItem\",\"position\":2,\"name\":\"Velkommen\"}]},{\"@type\":\"WebSite\",\"@id\":\"https:\\\/\\\/naturogmad.dk\\\/#website\",\"url\":\"https:\\\/\\\/naturogmad.dk\\\/\",\"name\":\"Natur og mad\",\"description\":\"natur milj\u00f8 biodiversitet landbrug dyrevelf\u00e6rd mad\",\"publisher\":{\"@id\":\"https:\\\/\\\/naturogmad.dk\\\/#organization\"},\"potentialAction\":[{\"@type\":\"SearchAction\",\"target\":{\"@type\":\"EntryPoint\",\"urlTemplate\":\"https:\\\/\\\/naturogmad.dk\\\/?s={search_term_string}\"},\"query-input\":{\"@type\":\"PropertyValueSpecification\",\"valueRequired\":true,\"valueName\":\"search_term_string\"}}],\"inLanguage\":\"da-DK\"},{\"@type\":[\"Organization\",\"Place\"],\"@id\":\"https:\\\/\\\/naturogmad.dk\\\/#organization\",\"name\":\"Natur og mad\",\"url\":\"https:\\\/\\\/naturogmad.dk\\\/\",\"logo\":{\"@id\":\"https:\\\/\\\/naturogmad.dk\\\/index.php\\\/velkommen\\\/#local-main-organization-logo\"},\"image\":{\"@id\":\"https:\\\/\\\/naturogmad.dk\\\/index.php\\\/velkommen\\\/#local-main-organization-logo\"},\"numberOfEmployees\":{\"@type\":\"QuantitativeValue\",\"minValue\":\"1\",\"maxValue\":\"10\"},\"telephone\":[],\"openingHoursSpecification\":[{\"@type\":\"OpeningHoursSpecification\",\"dayOfWeek\":[\"Monday\",\"Tuesday\",\"Wednesday\",\"Thursday\",\"Friday\",\"Saturday\",\"Sunday\"],\"opens\":\"09:00\",\"closes\":\"17:00\"}]},{\"@type\":\"ImageObject\",\"inLanguage\":\"da-DK\",\"@id\":\"https:\\\/\\\/naturogmad.dk\\\/index.php\\\/velkommen\\\/#local-main-organization-logo\",\"url\":\"https:\\\/\\\/naturogmad.dk\\\/wp-content\\\/uploads\\\/2026\\\/02\\\/cropped-ikon.webp\",\"contentUrl\":\"https:\\\/\\\/naturogmad.dk\\\/wp-content\\\/uploads\\\/2026\\\/02\\\/cropped-ikon.webp\",\"width\":512,\"height\":512,\"caption\":\"Natur og mad\"}]}<\/script>\n<!-- \/ Yoast SEO Premium plugin. -->","yoast_head_json":{"title":"Velkommen - Natur og mad","description":"Velkommen til min hjemmeside som omhandler natur, milj\u00f8, biodiversitet, landbrug, dyrevelf\u00e6rd, og hvad vi stopper ind af mad i munden.","robots":{"index":"index","follow":"follow","max-snippet":"max-snippet:-1","max-image-preview":"max-image-preview:large","max-video-preview":"max-video-preview:-1"},"canonical":"https:\/\/naturogmad.dk\/index.php\/velkommen\/","og_locale":"da_DK","og_type":"article","og_title":"Velkommen","og_description":"Velkommen til min hjemmeside som omhandler natur, milj\u00f8, biodiversitet, landbrug, dyrevelf\u00e6rd, og hvad vi stopper ind af mad i munden.","og_url":"https:\/\/naturogmad.dk\/index.php\/velkommen\/","og_site_name":"Natur og mad","article_modified_time":"2026-04-07T07:31:16+00:00","og_image":[{"width":1600,"height":575,"url":"https:\/\/naturogmad.dk\/wp-content\/uploads\/2026\/02\/Have_1.webp","type":"image\/webp"}],"twitter_card":"summary_large_image","twitter_misc":{"Estimeret l\u00e6setid":"3 minutter"},"schema":{"@context":"https:\/\/schema.org","@graph":[{"@type":"WebPage","@id":"https:\/\/naturogmad.dk\/index.php\/velkommen\/","url":"https:\/\/naturogmad.dk\/index.php\/velkommen\/","name":"Velkommen - Natur og mad","isPartOf":{"@id":"https:\/\/naturogmad.dk\/#website"},"primaryImageOfPage":{"@id":"https:\/\/naturogmad.dk\/index.php\/velkommen\/#primaryimage"},"image":{"@id":"https:\/\/naturogmad.dk\/index.php\/velkommen\/#primaryimage"},"thumbnailUrl":"https:\/\/naturogmad.dk\/wp-content\/uploads\/2026\/02\/Have_1.webp","datePublished":"2026-02-22T09:11:31+00:00","dateModified":"2026-04-07T07:31:16+00:00","description":"Velkommen til min hjemmeside som omhandler natur, milj\u00f8, biodiversitet, landbrug, dyrevelf\u00e6rd, og hvad vi stopper ind af mad i munden.","breadcrumb":{"@id":"https:\/\/naturogmad.dk\/index.php\/velkommen\/#breadcrumb"},"inLanguage":"da-DK","potentialAction":[{"@type":"ReadAction","target":["https:\/\/naturogmad.dk\/index.php\/velkommen\/"]}]},{"@type":"ImageObject","inLanguage":"da-DK","@id":"https:\/\/naturogmad.dk\/index.php\/velkommen\/#primaryimage","url":"https:\/\/naturogmad.dk\/wp-content\/uploads\/2026\/02\/Have_1.webp","contentUrl":"https:\/\/naturogmad.dk\/wp-content\/uploads\/2026\/02\/Have_1.webp","width":1600,"height":575,"caption":"have"},{"@type":"BreadcrumbList","@id":"https:\/\/naturogmad.dk\/index.php\/velkommen\/#breadcrumb","itemListElement":[{"@type":"ListItem","position":1,"name":"Home","item":"https:\/\/naturogmad.dk\/"},{"@type":"ListItem","position":2,"name":"Velkommen"}]},{"@type":"WebSite","@id":"https:\/\/naturogmad.dk\/#website","url":"https:\/\/naturogmad.dk\/","name":"Natur og mad","description":"natur milj\u00f8 biodiversitet landbrug dyrevelf\u00e6rd mad","publisher":{"@id":"https:\/\/naturogmad.dk\/#organization"},"potentialAction":[{"@type":"SearchAction","target":{"@type":"EntryPoint","urlTemplate":"https:\/\/naturogmad.dk\/?s={search_term_string}"},"query-input":{"@type":"PropertyValueSpecification","valueRequired":true,"valueName":"search_term_string"}}],"inLanguage":"da-DK"},{"@type":["Organization","Place"],"@id":"https:\/\/naturogmad.dk\/#organization","name":"Natur og mad","url":"https:\/\/naturogmad.dk\/","logo":{"@id":"https:\/\/naturogmad.dk\/index.php\/velkommen\/#local-main-organization-logo"},"image":{"@id":"https:\/\/naturogmad.dk\/index.php\/velkommen\/#local-main-organization-logo"},"numberOfEmployees":{"@type":"QuantitativeValue","minValue":"1","maxValue":"10"},"telephone":[],"openingHoursSpecification":[{"@type":"OpeningHoursSpecification","dayOfWeek":["Monday","Tuesday","Wednesday","Thursday","Friday","Saturday","Sunday"],"opens":"09:00","closes":"17:00"}]},{"@type":"ImageObject","inLanguage":"da-DK","@id":"https:\/\/naturogmad.dk\/index.php\/velkommen\/#local-main-organization-logo","url":"https:\/\/naturogmad.dk\/wp-content\/uploads\/2026\/02\/cropped-ikon.webp","contentUrl":"https:\/\/naturogmad.dk\/wp-content\/uploads\/2026\/02\/cropped-ikon.webp","width":512,"height":512,"caption":"Natur og mad"}]}},"_links":{"self":[{"href":"https:\/\/naturogmad.dk\/index.php\/wp-json\/wp\/v2\/pages\/711","targetHints":{"allow":["GET"]}}],"collection":[{"href":"https:\/\/naturogmad.dk\/index.php\/wp-json\/wp\/v2\/pages"}],"about":[{"href":"https:\/\/naturogmad.dk\/index.php\/wp-json\/wp\/v2\/types\/page"}],"author":[{"embeddable":true,"href":"https:\/\/naturogmad.dk\/index.php\/wp-json\/wp\/v2\/users\/1"}],"replies":[{"embeddable":true,"href":"https:\/\/naturogmad.dk\/index.php\/wp-json\/wp\/v2\/comments?post=711"}],"version-history":[{"count":0,"href":"https:\/\/naturogmad.dk\/index.php\/wp-json\/wp\/v2\/pages\/711\/revisions"}],"wp:featuredmedia":[{"embeddable":true,"href":"https:\/\/naturogmad.dk\/index.php\/wp-json\/wp\/v2\/media\/938"}],"wp:attachment":[{"href":"https:\/\/naturogmad.dk\/index.php\/wp-json\/wp\/v2\/media?parent=711"}],"curies":[{"name":"wp","href":"https:\/\/api.w.org\/{rel}","templated":true}]}}