{"id":694,"date":"2026-02-15T08:00:59","date_gmt":"2026-02-15T07:00:59","guid":{"rendered":"https:\/\/demo.academiathemes.com\/cityhall-cityhall\/?page_id=694"},"modified":"2026-03-07T06:52:46","modified_gmt":"2026-03-07T05:52:46","slug":"dyrenes-beskyttelse","status":"publish","type":"page","link":"https:\/\/naturogmad.dk\/index.php\/dyrenes-beskyttelse\/","title":{"rendered":"Dyrenes beskyttelse"},"content":{"rendered":"<p>De hj\u00e6lper dyr i n\u00f8d, stopper overgreb mod dyr og k\u00e6mper for et respektfuldt og b\u00e6redygtigt forhold mellem dyr, mennesker og natur.<\/p>\n<p>Dyrenes Beskyttelse driver otte dyreinternater \u2013 fire egne internater og fire igennem samarbejdsaftaler med eksterne internater. De tager imod dyr fra vores redningsarbejde og sikrede i 2024 flere end 8.200 dyr nye hjem.<\/p>\n<p>P\u00e5 dyreinternaterne plejes familiedyr og sikres gode, nye hjem. Ud over k\u00e6rlig pleje skal k\u00e6ledyrene adf\u00e6rdsvurderes, vaccineres, parasitbehandles og chip- eller \u00f8rem\u00e6rkes og eventuelt neutraliseres. Frivillige plejefamilier knyttet til internaterne g\u00f8r det muligt at passe endnu flere dyr. Internaternes kompetence, erfaring med dyrev\u00e6rnsarbejde og service g\u00f8r det ogs\u00e5 muligt at tilbyde ydelser som omplacering af familiedyr, dyrepension og dyrefaglig r\u00e5dgivning.<\/p>\n<p> Kildehenvisning:<\/p>\n<p> \u201cDyrenes beskyttelse\u201d<br \/>\ndyrenesbeskyttelse.dk<br \/>\n <a href=\"https:\/\/www.dyrenesbeskyttelse.dk\/\" target=\"_blank\">https:\/\/www.dyrenesbeskyttelse.dk\/<\/a><\/p>\n","protected":false},"excerpt":{"rendered":"<p>Nemo enim ipsam voluptatem quia voluptas sit aspernatur aut odit aut fugit, sed quia consequuntur magni dolores eos qui ratione voluptatem sequi nesciunt.<\/p>\n","protected":false},"author":1,"featured_media":840,"parent":0,"menu_order":0,"comment_status":"closed","ping_status":"closed","template":"","meta":{"footnotes":""},"class_list":["post-694","page","type-page","status-publish","has-post-thumbnail","hentry"],"yoast_head":"<!-- This site is optimized with the Yoast SEO Premium plugin v27.4 (Yoast SEO v27.4) - https:\/\/yoast.com\/product\/yoast-seo-premium-wordpress\/ -->\n<title>Dyrenes beskyttelse - Natur og mad<\/title>\n<meta name=\"description\" content=\"De hj\u00e6lper dyr i n\u00f8d, stopper overgreb mod dyr og k\u00e6mper for et respektfuldt og b\u00e6redygtigt forhold mellem dyr, mennesker og natur.\" \/>\n<meta name=\"robots\" content=\"index, follow, max-snippet:-1, max-image-preview:large, max-video-preview:-1\" \/>\n<link rel=\"canonical\" href=\"https:\/\/naturogmad.dk\/index.php\/dyrenes-beskyttelse\/\" \/>\n<meta property=\"og:locale\" content=\"da_DK\" \/>\n<meta property=\"og:type\" content=\"article\" \/>\n<meta property=\"og:title\" content=\"Dyrenes beskyttelse\" \/>\n<meta property=\"og:description\" content=\"De hj\u00e6lper dyr i n\u00f8d, stopper overgreb mod dyr og k\u00e6mper for et respektfuldt og b\u00e6redygtigt forhold mellem dyr, mennesker og natur.\" \/>\n<meta property=\"og:url\" content=\"https:\/\/naturogmad.dk\/index.php\/dyrenes-beskyttelse\/\" \/>\n<meta property=\"og:site_name\" content=\"Natur og mad\" \/>\n<meta property=\"article:modified_time\" content=\"2026-03-07T05:52:46+00:00\" \/>\n<meta property=\"og:image\" content=\"https:\/\/naturogmad.dk\/wp-content\/uploads\/2026\/02\/dyrevelfeard_1.webp\" \/>\n\t<meta property=\"og:image:width\" content=\"1600\" \/>\n\t<meta property=\"og:image:height\" content=\"575\" \/>\n\t<meta property=\"og:image:type\" content=\"image\/webp\" \/>\n<meta name=\"twitter:card\" content=\"summary_large_image\" \/>\n<meta name=\"twitter:label1\" content=\"Estimeret l\u00e6setid\" \/>\n\t<meta name=\"twitter:data1\" content=\"1 minut\" \/>\n<script type=\"application\/ld+json\" class=\"yoast-schema-graph\">{\"@context\":\"https:\\\/\\\/schema.org\",\"@graph\":[{\"@type\":\"WebPage\",\"@id\":\"https:\\\/\\\/naturogmad.dk\\\/index.php\\\/dyrenes-beskyttelse\\\/\",\"url\":\"https:\\\/\\\/naturogmad.dk\\\/index.php\\\/dyrenes-beskyttelse\\\/\",\"name\":\"Dyrenes beskyttelse - Natur og mad\",\"isPartOf\":{\"@id\":\"https:\\\/\\\/naturogmad.dk\\\/#website\"},\"primaryImageOfPage\":{\"@id\":\"https:\\\/\\\/naturogmad.dk\\\/index.php\\\/dyrenes-beskyttelse\\\/#primaryimage\"},\"image\":{\"@id\":\"https:\\\/\\\/naturogmad.dk\\\/index.php\\\/dyrenes-beskyttelse\\\/#primaryimage\"},\"thumbnailUrl\":\"https:\\\/\\\/naturogmad.dk\\\/wp-content\\\/uploads\\\/2026\\\/02\\\/dyrevelfeard_1.webp\",\"datePublished\":\"2026-02-15T07:00:59+00:00\",\"dateModified\":\"2026-03-07T05:52:46+00:00\",\"description\":\"De hj\u00e6lper dyr i n\u00f8d, stopper overgreb mod dyr og k\u00e6mper for et respektfuldt og b\u00e6redygtigt forhold mellem dyr, mennesker og natur.\",\"breadcrumb\":{\"@id\":\"https:\\\/\\\/naturogmad.dk\\\/index.php\\\/dyrenes-beskyttelse\\\/#breadcrumb\"},\"inLanguage\":\"da-DK\",\"potentialAction\":[{\"@type\":\"ReadAction\",\"target\":[\"https:\\\/\\\/naturogmad.dk\\\/index.php\\\/dyrenes-beskyttelse\\\/\"]}]},{\"@type\":\"ImageObject\",\"inLanguage\":\"da-DK\",\"@id\":\"https:\\\/\\\/naturogmad.dk\\\/index.php\\\/dyrenes-beskyttelse\\\/#primaryimage\",\"url\":\"https:\\\/\\\/naturogmad.dk\\\/wp-content\\\/uploads\\\/2026\\\/02\\\/dyrevelfeard_1.webp\",\"contentUrl\":\"https:\\\/\\\/naturogmad.dk\\\/wp-content\\\/uploads\\\/2026\\\/02\\\/dyrevelfeard_1.webp\",\"width\":1600,\"height\":575},{\"@type\":\"BreadcrumbList\",\"@id\":\"https:\\\/\\\/naturogmad.dk\\\/index.php\\\/dyrenes-beskyttelse\\\/#breadcrumb\",\"itemListElement\":[{\"@type\":\"ListItem\",\"position\":1,\"name\":\"Home\",\"item\":\"https:\\\/\\\/naturogmad.dk\\\/\"},{\"@type\":\"ListItem\",\"position\":2,\"name\":\"Dyrenes beskyttelse\"}]},{\"@type\":\"WebSite\",\"@id\":\"https:\\\/\\\/naturogmad.dk\\\/#website\",\"url\":\"https:\\\/\\\/naturogmad.dk\\\/\",\"name\":\"Natur og mad\",\"description\":\"natur milj\u00f8 biodiversitet landbrug dyrevelf\u00e6rd mad\",\"publisher\":{\"@id\":\"https:\\\/\\\/naturogmad.dk\\\/#organization\"},\"potentialAction\":[{\"@type\":\"SearchAction\",\"target\":{\"@type\":\"EntryPoint\",\"urlTemplate\":\"https:\\\/\\\/naturogmad.dk\\\/?s={search_term_string}\"},\"query-input\":{\"@type\":\"PropertyValueSpecification\",\"valueRequired\":true,\"valueName\":\"search_term_string\"}}],\"inLanguage\":\"da-DK\"},{\"@type\":[\"Organization\",\"Place\"],\"@id\":\"https:\\\/\\\/naturogmad.dk\\\/#organization\",\"name\":\"Natur og mad\",\"url\":\"https:\\\/\\\/naturogmad.dk\\\/\",\"logo\":{\"@id\":\"https:\\\/\\\/naturogmad.dk\\\/index.php\\\/dyrenes-beskyttelse\\\/#local-main-organization-logo\"},\"image\":{\"@id\":\"https:\\\/\\\/naturogmad.dk\\\/index.php\\\/dyrenes-beskyttelse\\\/#local-main-organization-logo\"},\"numberOfEmployees\":{\"@type\":\"QuantitativeValue\",\"minValue\":\"1\",\"maxValue\":\"10\"},\"telephone\":[],\"openingHoursSpecification\":[{\"@type\":\"OpeningHoursSpecification\",\"dayOfWeek\":[\"Monday\",\"Tuesday\",\"Wednesday\",\"Thursday\",\"Friday\",\"Saturday\",\"Sunday\"],\"opens\":\"09:00\",\"closes\":\"17:00\"}]},{\"@type\":\"ImageObject\",\"inLanguage\":\"da-DK\",\"@id\":\"https:\\\/\\\/naturogmad.dk\\\/index.php\\\/dyrenes-beskyttelse\\\/#local-main-organization-logo\",\"url\":\"https:\\\/\\\/naturogmad.dk\\\/wp-content\\\/uploads\\\/2026\\\/02\\\/cropped-ikon.webp\",\"contentUrl\":\"https:\\\/\\\/naturogmad.dk\\\/wp-content\\\/uploads\\\/2026\\\/02\\\/cropped-ikon.webp\",\"width\":512,\"height\":512,\"caption\":\"Natur og mad\"}]}<\/script>\n<!-- \/ Yoast SEO Premium plugin. -->","yoast_head_json":{"title":"Dyrenes beskyttelse - Natur og mad","description":"De hj\u00e6lper dyr i n\u00f8d, stopper overgreb mod dyr og k\u00e6mper for et respektfuldt og b\u00e6redygtigt forhold mellem dyr, mennesker og natur.","robots":{"index":"index","follow":"follow","max-snippet":"max-snippet:-1","max-image-preview":"max-image-preview:large","max-video-preview":"max-video-preview:-1"},"canonical":"https:\/\/naturogmad.dk\/index.php\/dyrenes-beskyttelse\/","og_locale":"da_DK","og_type":"article","og_title":"Dyrenes beskyttelse","og_description":"De hj\u00e6lper dyr i n\u00f8d, stopper overgreb mod dyr og k\u00e6mper for et respektfuldt og b\u00e6redygtigt forhold mellem dyr, mennesker og natur.","og_url":"https:\/\/naturogmad.dk\/index.php\/dyrenes-beskyttelse\/","og_site_name":"Natur og mad","article_modified_time":"2026-03-07T05:52:46+00:00","og_image":[{"width":1600,"height":575,"url":"https:\/\/naturogmad.dk\/wp-content\/uploads\/2026\/02\/dyrevelfeard_1.webp","type":"image\/webp"}],"twitter_card":"summary_large_image","twitter_misc":{"Estimeret l\u00e6setid":"1 minut"},"schema":{"@context":"https:\/\/schema.org","@graph":[{"@type":"WebPage","@id":"https:\/\/naturogmad.dk\/index.php\/dyrenes-beskyttelse\/","url":"https:\/\/naturogmad.dk\/index.php\/dyrenes-beskyttelse\/","name":"Dyrenes beskyttelse - Natur og mad","isPartOf":{"@id":"https:\/\/naturogmad.dk\/#website"},"primaryImageOfPage":{"@id":"https:\/\/naturogmad.dk\/index.php\/dyrenes-beskyttelse\/#primaryimage"},"image":{"@id":"https:\/\/naturogmad.dk\/index.php\/dyrenes-beskyttelse\/#primaryimage"},"thumbnailUrl":"https:\/\/naturogmad.dk\/wp-content\/uploads\/2026\/02\/dyrevelfeard_1.webp","datePublished":"2026-02-15T07:00:59+00:00","dateModified":"2026-03-07T05:52:46+00:00","description":"De hj\u00e6lper dyr i n\u00f8d, stopper overgreb mod dyr og k\u00e6mper for et respektfuldt og b\u00e6redygtigt forhold mellem dyr, mennesker og natur.","breadcrumb":{"@id":"https:\/\/naturogmad.dk\/index.php\/dyrenes-beskyttelse\/#breadcrumb"},"inLanguage":"da-DK","potentialAction":[{"@type":"ReadAction","target":["https:\/\/naturogmad.dk\/index.php\/dyrenes-beskyttelse\/"]}]},{"@type":"ImageObject","inLanguage":"da-DK","@id":"https:\/\/naturogmad.dk\/index.php\/dyrenes-beskyttelse\/#primaryimage","url":"https:\/\/naturogmad.dk\/wp-content\/uploads\/2026\/02\/dyrevelfeard_1.webp","contentUrl":"https:\/\/naturogmad.dk\/wp-content\/uploads\/2026\/02\/dyrevelfeard_1.webp","width":1600,"height":575},{"@type":"BreadcrumbList","@id":"https:\/\/naturogmad.dk\/index.php\/dyrenes-beskyttelse\/#breadcrumb","itemListElement":[{"@type":"ListItem","position":1,"name":"Home","item":"https:\/\/naturogmad.dk\/"},{"@type":"ListItem","position":2,"name":"Dyrenes beskyttelse"}]},{"@type":"WebSite","@id":"https:\/\/naturogmad.dk\/#website","url":"https:\/\/naturogmad.dk\/","name":"Natur og mad","description":"natur milj\u00f8 biodiversitet landbrug dyrevelf\u00e6rd mad","publisher":{"@id":"https:\/\/naturogmad.dk\/#organization"},"potentialAction":[{"@type":"SearchAction","target":{"@type":"EntryPoint","urlTemplate":"https:\/\/naturogmad.dk\/?s={search_term_string}"},"query-input":{"@type":"PropertyValueSpecification","valueRequired":true,"valueName":"search_term_string"}}],"inLanguage":"da-DK"},{"@type":["Organization","Place"],"@id":"https:\/\/naturogmad.dk\/#organization","name":"Natur og mad","url":"https:\/\/naturogmad.dk\/","logo":{"@id":"https:\/\/naturogmad.dk\/index.php\/dyrenes-beskyttelse\/#local-main-organization-logo"},"image":{"@id":"https:\/\/naturogmad.dk\/index.php\/dyrenes-beskyttelse\/#local-main-organization-logo"},"numberOfEmployees":{"@type":"QuantitativeValue","minValue":"1","maxValue":"10"},"telephone":[],"openingHoursSpecification":[{"@type":"OpeningHoursSpecification","dayOfWeek":["Monday","Tuesday","Wednesday","Thursday","Friday","Saturday","Sunday"],"opens":"09:00","closes":"17:00"}]},{"@type":"ImageObject","inLanguage":"da-DK","@id":"https:\/\/naturogmad.dk\/index.php\/dyrenes-beskyttelse\/#local-main-organization-logo","url":"https:\/\/naturogmad.dk\/wp-content\/uploads\/2026\/02\/cropped-ikon.webp","contentUrl":"https:\/\/naturogmad.dk\/wp-content\/uploads\/2026\/02\/cropped-ikon.webp","width":512,"height":512,"caption":"Natur og mad"}]}},"_links":{"self":[{"href":"https:\/\/naturogmad.dk\/index.php\/wp-json\/wp\/v2\/pages\/694","targetHints":{"allow":["GET"]}}],"collection":[{"href":"https:\/\/naturogmad.dk\/index.php\/wp-json\/wp\/v2\/pages"}],"about":[{"href":"https:\/\/naturogmad.dk\/index.php\/wp-json\/wp\/v2\/types\/page"}],"author":[{"embeddable":true,"href":"https:\/\/naturogmad.dk\/index.php\/wp-json\/wp\/v2\/users\/1"}],"replies":[{"embeddable":true,"href":"https:\/\/naturogmad.dk\/index.php\/wp-json\/wp\/v2\/comments?post=694"}],"version-history":[{"count":0,"href":"https:\/\/naturogmad.dk\/index.php\/wp-json\/wp\/v2\/pages\/694\/revisions"}],"wp:featuredmedia":[{"embeddable":true,"href":"https:\/\/naturogmad.dk\/index.php\/wp-json\/wp\/v2\/media\/840"}],"wp:attachment":[{"href":"https:\/\/naturogmad.dk\/index.php\/wp-json\/wp\/v2\/media?parent=694"}],"curies":[{"name":"wp","href":"https:\/\/api.w.org\/{rel}","templated":true}]}}