{"id":1440,"date":"2026-03-14T06:58:36","date_gmt":"2026-03-14T05:58:36","guid":{"rendered":"https:\/\/naturogmad.dk\/?page_id=1440"},"modified":"2026-03-21T10:23:59","modified_gmt":"2026-03-21T09:23:59","slug":"linux-styresystem","status":"publish","type":"page","link":"https:\/\/naturogmad.dk\/index.php\/linux-styresystem\/","title":{"rendered":"Linux styresystem"},"content":{"rendered":"<p><img decoding=\"async\" src=\"https:\/\/naturogmad.dk\/wp-content\/uploads\/2026\/03\/Cave_Carl-300x264.webp\" alt=\"\" width=\"300\" height=\"264\" class=\"alignleft size-medium wp-image-1431\" srcset=\"https:\/\/naturogmad.dk\/wp-content\/uploads\/2026\/03\/Cave_Carl-300x264.webp 300w, https:\/\/naturogmad.dk\/wp-content\/uploads\/2026\/03\/Cave_Carl.webp 480w\" sizes=\"(max-width: 300px) 100vw, 300px\" \/>Jeg har brugt <a href=\"https:\/\/www.kaspersky.dk\/resource-center\/definitions\/linux\" target=\"_blank\">Linux<\/a> og kun Linux som styresystem p\u00e5 mine computere siden februar 1999, og bruger det stadig.<\/p>\n<p>Men jeg har lukket min Linux hjemmeside for at koncentrere mig om naturen og dyreliv.<\/p>\n<p>Flere har efterspurt mine vejledninger jeg har lavet igennem tiden om Linux. <\/p>\n<p>N\u00e5r jeg f\u00e5r gravet dem frem i de mange tusinde filer jeg har p\u00e5 mine computere vil de v\u00e6re her som pdf filer.<\/p>\n<hr>\n<h2>BigLinux<\/h2>\n<p><a href=\"https:\/\/forum.biglinux.com.br\/\" target=\"_blank\">Brasilinsk forum som ogs\u00e5 er p\u00e5 engelsk<\/a><\/p>\n<p><a href=\"https:\/\/naturogmad.dk\/wp-content\/uploads\/2026\/03\/Hvad-er-BigLinux.pdf\">Hvad er BigLinux<\/a><\/p>\n<p><a href=\"https:\/\/naturogmad.dk\/wp-content\/uploads\/2026\/03\/Installation.pdf\">Installation af KDE, Gnome, Cinnamon og XFCE<\/a><\/p>\n<p><a href=\"https:\/\/naturogmad.dk\/wp-content\/uploads\/2026\/03\/Carburetor.pdf\">Brug Carburetor til at forblive usynlig online<\/a><\/p>\n<p><a href=\"https:\/\/naturogmad.dk\/wp-content\/uploads\/2026\/03\/Installation_gufw.pdf\">Firewall<\/a><\/p>\n<p><a href=\"https:\/\/naturogmad.dk\/wp-content\/uploads\/2026\/03\/hblock_biglinux.pdf\">hblock BigLinux<\/a><\/p>\n<p><a href=\"https:\/\/naturogmad.dk\/wp-content\/uploads\/2026\/03\/ncdu.pdf\">ncdu &#8211; viser diskbrug p\u00e5 en interaktiv m\u00e5de<\/a><\/p>\n<p><a href=\"https:\/\/naturogmad.dk\/wp-content\/uploads\/2026\/03\/Secure-_boot_BigLinux.pdf\">Vejledning til Secure Boot<\/a><\/p>\n<p><strong>Pakkeh\u00e5ndtering<\/strong><\/p>\n<p><a href=\"https:\/\/naturogmad.dk\/wp-content\/uploads\/2026\/03\/komandoer.pdf\">Kort vejledning til pacman<\/a><\/p>\n<p><a href=\"https:\/\/naturogmad.dk\/wp-content\/uploads\/2026\/03\/Pacman-kommandoer.pdf\">Fuld version kan bruges til Arch Linux, BigLinux, Manjaro og Mabox<\/a><\/p>\n<p><a href=\"https:\/\/naturogmad.dk\/wp-content\/uploads\/2026\/03\/Paru.pdf\">Paru vejledning<\/a><\/p>\n<hr>\n<h2>General Linux<\/h2>\n<p><a href=\"https:\/\/www.linuxin.dk\/\" target=\"_blank\">Dansk Linux  forum<\/a><\/p>\n<p><a href=\"https:\/\/naturogmad.dk\/wp-content\/uploads\/2026\/03\/Hvad-er-open-source.pdf\">Hvad er open source<\/a><\/p>\n<p><a href=\"https:\/\/naturogmad.dk\/wp-content\/uploads\/2026\/03\/Hvad_er_linux.pdf\">Hvad er linux<\/a><\/p>\n<p><a href=\"https:\/\/naturogmad.dk\/wp-content\/uploads\/2026\/03\/Hvilken-teknologi-koerer-paa-Linux.pdf\">Hvilken teknologi k\u00f8rer p\u00e5 Linux<\/a><\/p>\n<p><a href=\"https:\/\/naturogmad.dk\/wp-content\/uploads\/2026\/03\/Linux_er_fantstisk.pdf\">Linux er fantstisk<\/a><\/p>\n<p><a href=\"https:\/\/naturogmad.dk\/wp-content\/uploads\/2026\/03\/Skiftet_over_til_linux.pdf\">Skiftet over til Linux<\/a><\/p>\n<p><a href=\"https:\/\/naturogmad.dk\/wp-content\/uploads\/2026\/03\/Faa-adgang-til-boot-menu-og-bios-uefi.pdf\">F\u00e5 adgang til boot menu og bios-uefi<\/a><\/p>\n<p><a href=\"https:\/\/naturogmad.dk\/wp-content\/uploads\/2026\/03\/Valg-af-Linux-distribution.pdf\">Valg af Linux distribution<\/a><\/p>\n<p><a href=\"https:\/\/naturogmad.dk\/wp-content\/uploads\/2026\/03\/Brug-af-Systemctl-til-at-aktivere-Services-ved-opstart-paa-Linux0a.pdf\">Brug af Systemctl til at aktivere Services ved opstart<\/a><\/p>\n<p><a href=\"https:\/\/naturogmad.dk\/wp-content\/uploads\/2026\/03\/Noeglesekvens-til-sikkert-at-genstarte-et-fastfrosset-system.pdf\">N\u00f8glesekvens til sikkeret at genstarte fastfrosset system<\/a><\/p>\n<hr>\n<h2>Tekst editor<\/h2>\n<p><a href=\"https:\/\/naturogmad.dk\/wp-content\/uploads\/2026\/03\/nano.pdf\">Nano editor for SysV init og systemd<\/a><\/p>\n<p><a href=\"https:\/\/naturogmad.dk\/wp-content\/uploads\/2026\/03\/Tastaturgenveje_Nano.pdf\">Tastatur genvej i Nano<\/a><\/p>\n<hr>\n<h2>PCLinuxOS<\/h2>\n<p><a href=\"https:\/\/naturogmad.dk\/wp-content\/uploads\/2026\/03\/Hvad-er-PCLinuxOS.pdf\">Hvad er PCLinuxOS<\/a><\/p>\n<p><a href=\"https:\/\/naturogmad.dk\/wp-content\/uploads\/2026\/03\/Ofte-stillede-spoergsmaal.pdf\">Ofte stillede sp\u00f8rgsm\u00e5l<\/a><\/p>\n<p><a href=\"https:\/\/naturogmad.dk\/wp-content\/uploads\/2026\/03\/Inxi_pclinuxos.pdf\">Inxi PCLinuxOS<\/a><\/p>\n<p><a href=\"https:\/\/www.pclosmag.com\/index.html\">PCLinuxOS Magasin hver m\u00e5ned &#8211; siden december 2006<\/a><\/p>\n<p><a href=\"https:\/\/www.pclinuxos.com\/forum\/\" target=\"_blank\">Forum<\/a><\/p>\n<p><a href=\"https:\/\/naturogmad.dk\/wp-content\/uploads\/2026\/03\/Dansk-sprog-addlocale.pdf\">Dansk sprog i PCLinuxOS<\/a><\/p>\n<p><a href=\"https:\/\/naturogmad.dk\/wp-content\/uploads\/2026\/03\/hblock.pdf\">hblock PCLinuxOS<\/a><\/p>\n<hr>\n","protected":false},"excerpt":{"rendered":"<p>Jeg har brugt Linux og kun Linux som styresystem p\u00e5 mine computere siden februar 1999, og bruger det stadig. Men jeg har lukket min Linux hjemmeside for at koncentrere mig&hellip;<\/p>\n","protected":false},"author":1,"featured_media":1432,"parent":0,"menu_order":0,"comment_status":"closed","ping_status":"closed","template":"","meta":{"footnotes":""},"class_list":["post-1440","page","type-page","status-publish","has-post-thumbnail","hentry"],"yoast_head":"<!-- This site is optimized with the Yoast SEO Premium plugin v27.5 (Yoast SEO v27.5) - https:\/\/yoast.com\/product\/yoast-seo-premium-wordpress\/ -->\n<title>Linux styresystem - Natur og mad<\/title>\n<meta name=\"description\" content=\"Jeg har brugt Linux og kun Linux som styresystem p\u00e5 mine computere siden februar 1999, og bruger det stadig.\" \/>\n<meta name=\"robots\" content=\"index, follow, max-snippet:-1, max-image-preview:large, max-video-preview:-1\" \/>\n<link rel=\"canonical\" href=\"https:\/\/naturogmad.dk\/index.php\/linux-styresystem\/\" \/>\n<meta property=\"og:locale\" content=\"da_DK\" \/>\n<meta property=\"og:type\" content=\"article\" \/>\n<meta property=\"og:title\" content=\"Linux styresystem\" \/>\n<meta property=\"og:description\" content=\"Jeg har brugt Linux og kun Linux som styresystem p\u00e5 mine computere siden februar 1999, og bruger det stadig.\" \/>\n<meta property=\"og:url\" content=\"https:\/\/naturogmad.dk\/index.php\/linux-styresystem\/\" \/>\n<meta property=\"og:site_name\" content=\"Natur og mad\" \/>\n<meta property=\"article:modified_time\" content=\"2026-03-21T09:23:59+00:00\" \/>\n<meta property=\"og:image\" content=\"https:\/\/naturogmad.dk\/wp-content\/uploads\/2026\/03\/Linux.webp\" \/>\n\t<meta property=\"og:image:width\" content=\"1600\" \/>\n\t<meta property=\"og:image:height\" content=\"575\" \/>\n\t<meta property=\"og:image:type\" content=\"image\/webp\" \/>\n<meta name=\"twitter:card\" content=\"summary_large_image\" \/>\n<meta name=\"twitter:label1\" content=\"Estimeret l\u00e6setid\" \/>\n\t<meta name=\"twitter:data1\" content=\"2 minutter\" \/>\n<script type=\"application\/ld+json\" class=\"yoast-schema-graph\">{\"@context\":\"https:\\\/\\\/schema.org\",\"@graph\":[{\"@type\":\"WebPage\",\"@id\":\"https:\\\/\\\/naturogmad.dk\\\/index.php\\\/linux-styresystem\\\/\",\"url\":\"https:\\\/\\\/naturogmad.dk\\\/index.php\\\/linux-styresystem\\\/\",\"name\":\"Linux styresystem - Natur og mad\",\"isPartOf\":{\"@id\":\"https:\\\/\\\/naturogmad.dk\\\/#website\"},\"primaryImageOfPage\":{\"@id\":\"https:\\\/\\\/naturogmad.dk\\\/index.php\\\/linux-styresystem\\\/#primaryimage\"},\"image\":{\"@id\":\"https:\\\/\\\/naturogmad.dk\\\/index.php\\\/linux-styresystem\\\/#primaryimage\"},\"thumbnailUrl\":\"https:\\\/\\\/naturogmad.dk\\\/wp-content\\\/uploads\\\/2026\\\/03\\\/Linux.webp\",\"datePublished\":\"2026-03-14T05:58:36+00:00\",\"dateModified\":\"2026-03-21T09:23:59+00:00\",\"description\":\"Jeg har brugt Linux og kun Linux som styresystem p\u00e5 mine computere siden februar 1999, og bruger det stadig.\",\"breadcrumb\":{\"@id\":\"https:\\\/\\\/naturogmad.dk\\\/index.php\\\/linux-styresystem\\\/#breadcrumb\"},\"inLanguage\":\"da-DK\",\"potentialAction\":[{\"@type\":\"ReadAction\",\"target\":[\"https:\\\/\\\/naturogmad.dk\\\/index.php\\\/linux-styresystem\\\/\"]}]},{\"@type\":\"ImageObject\",\"inLanguage\":\"da-DK\",\"@id\":\"https:\\\/\\\/naturogmad.dk\\\/index.php\\\/linux-styresystem\\\/#primaryimage\",\"url\":\"https:\\\/\\\/naturogmad.dk\\\/wp-content\\\/uploads\\\/2026\\\/03\\\/Linux.webp\",\"contentUrl\":\"https:\\\/\\\/naturogmad.dk\\\/wp-content\\\/uploads\\\/2026\\\/03\\\/Linux.webp\",\"width\":1600,\"height\":575},{\"@type\":\"BreadcrumbList\",\"@id\":\"https:\\\/\\\/naturogmad.dk\\\/index.php\\\/linux-styresystem\\\/#breadcrumb\",\"itemListElement\":[{\"@type\":\"ListItem\",\"position\":1,\"name\":\"Home\",\"item\":\"https:\\\/\\\/naturogmad.dk\\\/\"},{\"@type\":\"ListItem\",\"position\":2,\"name\":\"Linux styresystem\"}]},{\"@type\":\"WebSite\",\"@id\":\"https:\\\/\\\/naturogmad.dk\\\/#website\",\"url\":\"https:\\\/\\\/naturogmad.dk\\\/\",\"name\":\"Natur og mad\",\"description\":\"natur milj\u00f8 biodiversitet landbrug dyrevelf\u00e6rd mad\",\"publisher\":{\"@id\":\"https:\\\/\\\/naturogmad.dk\\\/#organization\"},\"potentialAction\":[{\"@type\":\"SearchAction\",\"target\":{\"@type\":\"EntryPoint\",\"urlTemplate\":\"https:\\\/\\\/naturogmad.dk\\\/?s={search_term_string}\"},\"query-input\":{\"@type\":\"PropertyValueSpecification\",\"valueRequired\":true,\"valueName\":\"search_term_string\"}}],\"inLanguage\":\"da-DK\"},{\"@type\":[\"Organization\",\"Place\"],\"@id\":\"https:\\\/\\\/naturogmad.dk\\\/#organization\",\"name\":\"Natur og mad\",\"url\":\"https:\\\/\\\/naturogmad.dk\\\/\",\"logo\":{\"@id\":\"https:\\\/\\\/naturogmad.dk\\\/index.php\\\/linux-styresystem\\\/#local-main-organization-logo\"},\"image\":{\"@id\":\"https:\\\/\\\/naturogmad.dk\\\/index.php\\\/linux-styresystem\\\/#local-main-organization-logo\"},\"numberOfEmployees\":{\"@type\":\"QuantitativeValue\",\"minValue\":\"1\",\"maxValue\":\"10\"},\"telephone\":[],\"openingHoursSpecification\":[{\"@type\":\"OpeningHoursSpecification\",\"dayOfWeek\":[\"Monday\",\"Tuesday\",\"Wednesday\",\"Thursday\",\"Friday\",\"Saturday\",\"Sunday\"],\"opens\":\"09:00\",\"closes\":\"17:00\"}]},{\"@type\":\"ImageObject\",\"inLanguage\":\"da-DK\",\"@id\":\"https:\\\/\\\/naturogmad.dk\\\/index.php\\\/linux-styresystem\\\/#local-main-organization-logo\",\"url\":\"https:\\\/\\\/naturogmad.dk\\\/wp-content\\\/uploads\\\/2026\\\/02\\\/cropped-ikon.webp\",\"contentUrl\":\"https:\\\/\\\/naturogmad.dk\\\/wp-content\\\/uploads\\\/2026\\\/02\\\/cropped-ikon.webp\",\"width\":512,\"height\":512,\"caption\":\"Natur og mad\"}]}<\/script>\n<!-- \/ Yoast SEO Premium plugin. -->","yoast_head_json":{"title":"Linux styresystem - Natur og mad","description":"Jeg har brugt Linux og kun Linux som styresystem p\u00e5 mine computere siden februar 1999, og bruger det stadig.","robots":{"index":"index","follow":"follow","max-snippet":"max-snippet:-1","max-image-preview":"max-image-preview:large","max-video-preview":"max-video-preview:-1"},"canonical":"https:\/\/naturogmad.dk\/index.php\/linux-styresystem\/","og_locale":"da_DK","og_type":"article","og_title":"Linux styresystem","og_description":"Jeg har brugt Linux og kun Linux som styresystem p\u00e5 mine computere siden februar 1999, og bruger det stadig.","og_url":"https:\/\/naturogmad.dk\/index.php\/linux-styresystem\/","og_site_name":"Natur og mad","article_modified_time":"2026-03-21T09:23:59+00:00","og_image":[{"width":1600,"height":575,"url":"https:\/\/naturogmad.dk\/wp-content\/uploads\/2026\/03\/Linux.webp","type":"image\/webp"}],"twitter_card":"summary_large_image","twitter_misc":{"Estimeret l\u00e6setid":"2 minutter"},"schema":{"@context":"https:\/\/schema.org","@graph":[{"@type":"WebPage","@id":"https:\/\/naturogmad.dk\/index.php\/linux-styresystem\/","url":"https:\/\/naturogmad.dk\/index.php\/linux-styresystem\/","name":"Linux styresystem - Natur og mad","isPartOf":{"@id":"https:\/\/naturogmad.dk\/#website"},"primaryImageOfPage":{"@id":"https:\/\/naturogmad.dk\/index.php\/linux-styresystem\/#primaryimage"},"image":{"@id":"https:\/\/naturogmad.dk\/index.php\/linux-styresystem\/#primaryimage"},"thumbnailUrl":"https:\/\/naturogmad.dk\/wp-content\/uploads\/2026\/03\/Linux.webp","datePublished":"2026-03-14T05:58:36+00:00","dateModified":"2026-03-21T09:23:59+00:00","description":"Jeg har brugt Linux og kun Linux som styresystem p\u00e5 mine computere siden februar 1999, og bruger det stadig.","breadcrumb":{"@id":"https:\/\/naturogmad.dk\/index.php\/linux-styresystem\/#breadcrumb"},"inLanguage":"da-DK","potentialAction":[{"@type":"ReadAction","target":["https:\/\/naturogmad.dk\/index.php\/linux-styresystem\/"]}]},{"@type":"ImageObject","inLanguage":"da-DK","@id":"https:\/\/naturogmad.dk\/index.php\/linux-styresystem\/#primaryimage","url":"https:\/\/naturogmad.dk\/wp-content\/uploads\/2026\/03\/Linux.webp","contentUrl":"https:\/\/naturogmad.dk\/wp-content\/uploads\/2026\/03\/Linux.webp","width":1600,"height":575},{"@type":"BreadcrumbList","@id":"https:\/\/naturogmad.dk\/index.php\/linux-styresystem\/#breadcrumb","itemListElement":[{"@type":"ListItem","position":1,"name":"Home","item":"https:\/\/naturogmad.dk\/"},{"@type":"ListItem","position":2,"name":"Linux styresystem"}]},{"@type":"WebSite","@id":"https:\/\/naturogmad.dk\/#website","url":"https:\/\/naturogmad.dk\/","name":"Natur og mad","description":"natur milj\u00f8 biodiversitet landbrug dyrevelf\u00e6rd mad","publisher":{"@id":"https:\/\/naturogmad.dk\/#organization"},"potentialAction":[{"@type":"SearchAction","target":{"@type":"EntryPoint","urlTemplate":"https:\/\/naturogmad.dk\/?s={search_term_string}"},"query-input":{"@type":"PropertyValueSpecification","valueRequired":true,"valueName":"search_term_string"}}],"inLanguage":"da-DK"},{"@type":["Organization","Place"],"@id":"https:\/\/naturogmad.dk\/#organization","name":"Natur og mad","url":"https:\/\/naturogmad.dk\/","logo":{"@id":"https:\/\/naturogmad.dk\/index.php\/linux-styresystem\/#local-main-organization-logo"},"image":{"@id":"https:\/\/naturogmad.dk\/index.php\/linux-styresystem\/#local-main-organization-logo"},"numberOfEmployees":{"@type":"QuantitativeValue","minValue":"1","maxValue":"10"},"telephone":[],"openingHoursSpecification":[{"@type":"OpeningHoursSpecification","dayOfWeek":["Monday","Tuesday","Wednesday","Thursday","Friday","Saturday","Sunday"],"opens":"09:00","closes":"17:00"}]},{"@type":"ImageObject","inLanguage":"da-DK","@id":"https:\/\/naturogmad.dk\/index.php\/linux-styresystem\/#local-main-organization-logo","url":"https:\/\/naturogmad.dk\/wp-content\/uploads\/2026\/02\/cropped-ikon.webp","contentUrl":"https:\/\/naturogmad.dk\/wp-content\/uploads\/2026\/02\/cropped-ikon.webp","width":512,"height":512,"caption":"Natur og mad"}]}},"_links":{"self":[{"href":"https:\/\/naturogmad.dk\/index.php\/wp-json\/wp\/v2\/pages\/1440","targetHints":{"allow":["GET"]}}],"collection":[{"href":"https:\/\/naturogmad.dk\/index.php\/wp-json\/wp\/v2\/pages"}],"about":[{"href":"https:\/\/naturogmad.dk\/index.php\/wp-json\/wp\/v2\/types\/page"}],"author":[{"embeddable":true,"href":"https:\/\/naturogmad.dk\/index.php\/wp-json\/wp\/v2\/users\/1"}],"replies":[{"embeddable":true,"href":"https:\/\/naturogmad.dk\/index.php\/wp-json\/wp\/v2\/comments?post=1440"}],"version-history":[{"count":0,"href":"https:\/\/naturogmad.dk\/index.php\/wp-json\/wp\/v2\/pages\/1440\/revisions"}],"wp:featuredmedia":[{"embeddable":true,"href":"https:\/\/naturogmad.dk\/index.php\/wp-json\/wp\/v2\/media\/1432"}],"wp:attachment":[{"href":"https:\/\/naturogmad.dk\/index.php\/wp-json\/wp\/v2\/media?parent=1440"}],"curies":[{"name":"wp","href":"https:\/\/api.w.org\/{rel}","templated":true}]}}