{"id":1424,"date":"2026-03-13T09:05:19","date_gmt":"2026-03-13T08:05:19","guid":{"rendered":"https:\/\/naturogmad.dk\/?page_id=1424"},"modified":"2026-03-13T09:09:48","modified_gmt":"2026-03-13T08:09:48","slug":"cookiepolitik","status":"publish","type":"page","link":"https:\/\/naturogmad.dk\/index.php\/cookiepolitik\/","title":{"rendered":"Cookiepolitik"},"content":{"rendered":"<p><strong>Sidst opdateret 14 marts 2026<\/strong><\/p>\n<p>Denne cookiepolitik forklarer, hvordan &#8220;jeg&#8221; bruger cookies og lignende teknologier til at genkende dig, n\u00e5r du bes\u00f8ger min hjemmeside p\u00e5<br \/>\n<a title=\"https:\/\/linuxcarl.dk\/\" href=\"https:\/\/naturogmad.dk\/\" rel=\"nofollow \">https:\/\/naturogmad.dk\/<\/a><\/p>\n<p>Den forklarer, hvad disse teknologier er, og hvorfor heg bruger dem, s\u00e5vel som dine rettigheder til at kontrollere vores brug af dem. I nogle tilf\u00e6lde kan vi bruge cookies til at indsamle personlige oplysninger, eller hvis vi kombinerer dem med andre oplysninger.<\/p>\n<h3>Hvad er cookies?<\/h3>\n<p>Cookies er sm\u00e5 datafiler, der placeres p\u00e5 din computer eller mobilenhed, n\u00e5r du bes\u00f8ger en internet side. Cookies bruges i vid udstr\u00e6kning af webstedsejere for at f\u00e5 deres websteder til at fungere eller til at fungere mere effektivt, samt at levere rapporteringsoplysninger. Cookies indstillet af webstedsejeren (i dette tilf\u00e6lde ) kaldes &#8220;f\u00f8rstepartscookies. Cookies sat af parter andre end webstedsejeren kaldes &#8220;tredjepartscookies. Tredjepartscookies aktiverer tredjepart funktioner eller funktionalitet, der skal leveres p\u00e5 eller gennem webstedet f.eks. annoncering, interaktivt indhold, og analyser. De parter, der s\u00e6tter disse tredjepartscookies, kan genkende din computer, b\u00e5de n\u00e5r den bes\u00f8ger den p\u00e5g\u00e6ldende hjemmeside, og ogs\u00e5 n\u00e5r den bes\u00f8ger visse andre hjemmesider.<\/p>\n<h3>Hvorfor bruger jeg cookies?<\/h3>\n<p>Jeg bruger f\u00f8rste- og tredjepartscookies af flere \u00e5rsager. Nogle cookies er n\u00f8dvendige af tekniske \u00e5rsager til, at min hjemmeside kan fungere, og vi omtaler disse som &#8220;v\u00e6sentlige &#8220;eller &#8220;strengt n\u00f8dvendige&#8221; cookies. Andre cookies g\u00f8r det ogs\u00e5 muligt for mig at spore og m\u00e5lrette mine brugeres interesser for at forbedre erfaring p\u00e5 mine online tjenester som betalig p\u00e5 hjemmesiden. Tredjeparter serverer cookies via min hjemmeside til annoncering, og andre form\u00e5l.Dette er beskrevet mere detaljeret nedenfor.<\/p>\n<h3>Hvordan kan jeg kontrollere cookies?<\/h3>\n<p>Du har ret til at bestemme, om du vil acceptere eller afvise cookies. Du kan ud\u00f8ve dine cookie-rettigheder ved<br \/>\nindstille dine pr\u00e6ferencer i Cookie Samtykke h\u00e5ndtering. Cookie Samtykke h\u00e5ndtering giver dig mulighed for<br \/>\nv\u00e6lge hvilke kategorier af cookies du accepterer eller afviser. V\u00e6sentlige cookies kan ikke afvises, som er strengt n\u00f8dvendige for at give dig tjenester p\u00e5 hjemmesiden. Cookie Samtykke h\u00e5ndtering kan findes i notifikationsbanneret. Hvis du v\u00e6lger at afvise cookies, kan du stadig bruge mon hjemmeside, men nogle funktioner og omr\u00e5der af min hjemmeside kan v\u00e6re begr\u00e6nset. Du kan ogs\u00e5 indstille eller \u00e6ndre din webbrowserkontrol til at acceptere eller n\u00e6gte cookies.<\/p>\n<p>De specifikke typer af f\u00f8rste- og tredjepartscookies, der levers gennem mit websted, og de form\u00e5l, de udf\u00f8rer er beskrevet i tabellen nedenfor (bem\u00e6rk venligst, at de specifikke cookies, der leveres, kan variere afh\u00e6ngigt af de specifikke onlineejendomme du bes\u00f8ger):<\/p>\n<h3>Hvordan du kontrollerer cookies i din browser?<\/h3>\n<p>M\u00e5den, hvorp\u00e5 du kan afvise cookies gennem din webbrowser, varierer fra browser til browser, du skal g\u00e5 ind i din browsers hj\u00e6lpemenu for at f\u00e5 flere oplysninger. F\u00f8lgende er oplysninger om, hvordan administrer cookies p\u00e5 de mest popul\u00e6re browsere:<\/p>\n<p><a title=\"Chrome\" href=\"https:\/\/support.google.com\/chrome\/answer\/95647#zippy=%2Callow-or-block-cookies\" target=\"_blank\" rel=\"noopener\">Chrome<\/a><br \/>\n<a title=\"Internet Explorer\" href=\"https:\/\/support.microsoft.com\/da-dk\/windows\/slet-og-administrer-cookies-168dab11-0753-043d-7c16-ede5947fc64d\" target=\"_blank\" rel=\"noopener\">Internet Explorer<\/a><br \/>\n<a title=\"Firefox\" href=\"https:\/\/support.mozilla.org\/da\/kb\/enhanced-tracking-protection-firefox-desktop?\" target=\"_blank\" rel=\"noopener\">Firefox<\/a><br \/>\n<a title=\"Safari\" href=\"https:\/\/support.apple.com\/da-dk\/guide\/deployment\/depf7d5714d4\/web\" target=\"_blank\" rel=\"noopener\">Safari<\/a><br \/>\n<a title=\"Edge\" href=\"https:\/\/support.microsoft.com\/da-dk\/windows\/microsoft-edge-browserdata-og-beskyttelse-af-personlige-oplysninger-bb8174ba-9d73-dcf2-9b4a-c582b4e640dd\" target=\"_blank\" rel=\"noopener\">Edge<\/a><br \/>\n<a title=\"Opera\" href=\"https:\/\/help.opera.com\/en\/latest\/web-preferences\/#cookies\" target=\"_blank\" rel=\"noopener\">Opera<\/a><\/p>\n<p>Derudover tilbyder de fleste reklamenetv\u00e6rk dig en m\u00e5de at frav\u00e6lge m\u00e5lrettet annoncering. Hvis du vil finde ud af mere information, bes\u00f8g venligst:<\/p>\n<p><a title=\"European Interactive Digital Advertising Alliance\" href=\"https:\/\/www.youronlinechoices.com\" target=\"_blank\" rel=\"noopener\">European Interactive Digital Advertising Alliance<\/a><\/p>\n<div class=\"lRu31\" dir=\"ltr\">\n<p>Hvad med andre sporingsteknologier, s\u00e5som web-beacons? Cookies er ikke den eneste m\u00e5de at genkende eller spore bes\u00f8gende p\u00e5 et websted. Jeg kan bruge andre, lignende teknologier fra tid til anden, s\u00e5som web-beacons (nogle gange kaldet &#8220;tracking pixels&#8221; eller &#8220;clear gifs&#8221;).<\/p>\n<p>Disse er sm\u00e5 grafikfiler, der indeholder en unik identifikator, der g\u00f8r det muligt for mig  at genkende, n\u00e5r nogen har bes\u00f8gt min hjemmeside eller \u00e5bnet en e-mail med dem.<\/p>\n<p> Dette giver mig for eksempel mulighed for at overv\u00e5ge trafikm\u00f8nstre for brugere fra en side p\u00e5 et websted til en anden, for at levere eller kommunikere cookies, for at forst\u00e5, om du er kommet til webstedet fra en vist online annonce p\u00e5 et tredjepartswebsted for at forbedre webstedets ydeevne og m\u00e5le succesen med e-mailmarketing kampagner. <\/p>\n<p>I mange tilf\u00e6lde er disse teknologier afh\u00e6ngige af cookies for at fungere korrekt, ogs\u00e5 afvisning af cookies vil forringe deres funktion. Bruger du Flash-cookies eller lokale delte objekter?<\/p>\n<p> Websites kan ogs\u00e5 bruge s\u00e5kaldte &#8220;Flash-cookies&#8221; (ogs\u00e5 kendt som Local Shared Objects eller &#8220;LSO&#8217;er&#8221;) til, blandt andet indsamle og opbevare oplysninger om din brug af mine tjenester, forebyggelse af svindel og til m\u00e5lrettet annoncering.<\/p>\n<p>Hvis du ikke \u00f8nsker Flash-cookies gemt p\u00e5 din computer, kan du justere indstillingerne for din Flash afspiller for at blokere lagring af Flash-cookies ved hj\u00e6lp af v\u00e6rkt\u00f8jerne, der er indeholdt i panelet med indstillinger for webstedslagring. <\/p>\n<p>Du kan ogs\u00e5 styre Flash Cookies ved at g\u00e5 til Globale indstilling Panel, og f\u00f8lge instruktioner som kan omfatte instruktioner, der f.eks. forklarer, hvordan man sletter eksisterende Flash Cookies (henvist til &#8220;information&#8221; p\u00e5 Macromedia-siden, hvordan man forhindrer Flash LSO&#8217;er i at blive til placeres p\u00e5 din computer, uden at du bliver spurgt, og (til Flash Player 8 og nyere), hvordan du blokerer Flash-cookies, der ikke leveres af operat\u00f8ren af den side, du er p\u00e5 p\u00e5 det tidspunkt). <\/p>\n<p>Bem\u00e6rk venligst, at indstilling af Flash Player til at begr\u00e6nse eller begr\u00e6nse accept af Flash-cookies kan reducere eller h\u00e6mme funktionaliteten af nogle Flash-applikationer, herunder potentielt Flash-applikationer, der bruges i forbindelse med vores tjenester eller onlineindhold.<\/p>\n<h3>Leveres der m\u00e5lrettet annoncering<\/h3>\n<p>Tredjeparter kan vise cookies p\u00e5 din computer eller mobilenhed for at vise annoncering gennem min Internet side. Disse virksomheder kan bruge oplysninger om dine bes\u00f8g p\u00e5 denne og andre hjemmesider for at levere relevante annoncer om varer og tjenester, som du kan v\u00e6re interesseret i. <\/p>\n<p>De kan ogs\u00e5 anvende teknologi, der bruges til at m\u00e5le effektiviteten af reklamer. De kan udrette dette ved at bruge cookies eller web beacons til at indsamle oplysninger om dine bes\u00f8g p\u00e5 denne og andre websteder i for at levere relevante annoncer om varer og tjenester af potentiel interesse for dig.<\/p>\n<p>De oplysninger, der indsamles gennem denne proces, g\u00f8r det ikke muligt for mig eller dem at identificere dit navn, kontaktperson detaljer eller andre detaljer, der direkte identificerer dig, medmindre du v\u00e6lger at give disse.<\/p>\n<h3>Hvor ofte vil jeg opdatere denne cookiepolitik<\/h3>\n<p>Jeg kan opdatere denne cookiepolitik fra tid til anden for at afspejle, for eksempel \u00e6ndringer i cookies jeg bruger, eller af andre operationelle, juridiske eller regulatoriske \u00e5rsager. <\/p>\n<p>Bes\u00f8g derfor denne cookie igen Politik, for regelm\u00e6ssigt at holde sig orienteret om min brug af cookies og relaterede teknologier.<br \/>\nDatoen \u00f8verst i denne cookiepolitik angiver, hvorn\u00e5r den sidst blev opdateret.<\/p>\n","protected":false},"excerpt":{"rendered":"<p>Sidst opdateret 14 marts 2026 Denne cookiepolitik forklarer, hvordan &#8220;jeg&#8221; bruger cookies og lignende teknologier til at genkende dig, n\u00e5r du bes\u00f8ger min hjemmeside p\u00e5 https:\/\/naturogmad.dk\/ Den forklarer, hvad disse&hellip;<\/p>\n","protected":false},"author":1,"featured_media":0,"parent":0,"menu_order":0,"comment_status":"closed","ping_status":"closed","template":"","meta":{"footnotes":""},"class_list":["post-1424","page","type-page","status-publish","hentry"],"yoast_head":"<!-- This site is optimized with the Yoast SEO Premium plugin v27.5 (Yoast SEO v27.5) - https:\/\/yoast.com\/product\/yoast-seo-premium-wordpress\/ -->\n<title>Cookiepolitik - Natur og mad<\/title>\n<meta name=\"description\" content=\"Denne cookiepolitik forklarer, hvordan &quot;jeg&quot; bruger cookies og lignende teknologier til at genkende dig, n\u00e5r du bes\u00f8ger min hjemmeside\" \/>\n<meta name=\"robots\" content=\"index, follow, max-snippet:-1, max-image-preview:large, max-video-preview:-1\" \/>\n<link rel=\"canonical\" href=\"https:\/\/naturogmad.dk\/index.php\/cookiepolitik\/\" \/>\n<meta property=\"og:locale\" content=\"da_DK\" \/>\n<meta property=\"og:type\" content=\"article\" \/>\n<meta property=\"og:title\" content=\"Cookiepolitik\" \/>\n<meta property=\"og:description\" content=\"Denne cookiepolitik forklarer, hvordan &quot;jeg&quot; bruger cookies og lignende teknologier til at genkende dig, n\u00e5r du bes\u00f8ger min hjemmeside\" \/>\n<meta property=\"og:url\" content=\"https:\/\/naturogmad.dk\/index.php\/cookiepolitik\/\" \/>\n<meta property=\"og:site_name\" content=\"Natur og mad\" \/>\n<meta property=\"article:modified_time\" content=\"2026-03-13T08:09:48+00:00\" \/>\n<meta name=\"twitter:card\" content=\"summary_large_image\" \/>\n<meta name=\"twitter:label1\" content=\"Estimeret l\u00e6setid\" \/>\n\t<meta name=\"twitter:data1\" content=\"6 minutter\" \/>\n<script type=\"application\/ld+json\" class=\"yoast-schema-graph\">{\"@context\":\"https:\\\/\\\/schema.org\",\"@graph\":[{\"@type\":\"WebPage\",\"@id\":\"https:\\\/\\\/naturogmad.dk\\\/index.php\\\/cookiepolitik\\\/\",\"url\":\"https:\\\/\\\/naturogmad.dk\\\/index.php\\\/cookiepolitik\\\/\",\"name\":\"Cookiepolitik - Natur og mad\",\"isPartOf\":{\"@id\":\"https:\\\/\\\/naturogmad.dk\\\/#website\"},\"datePublished\":\"2026-03-13T08:05:19+00:00\",\"dateModified\":\"2026-03-13T08:09:48+00:00\",\"description\":\"Denne cookiepolitik forklarer, hvordan \\\"jeg\\\" bruger cookies og lignende teknologier til at genkende dig, n\u00e5r du bes\u00f8ger min hjemmeside\",\"breadcrumb\":{\"@id\":\"https:\\\/\\\/naturogmad.dk\\\/index.php\\\/cookiepolitik\\\/#breadcrumb\"},\"inLanguage\":\"da-DK\",\"potentialAction\":[{\"@type\":\"ReadAction\",\"target\":[\"https:\\\/\\\/naturogmad.dk\\\/index.php\\\/cookiepolitik\\\/\"]}]},{\"@type\":\"BreadcrumbList\",\"@id\":\"https:\\\/\\\/naturogmad.dk\\\/index.php\\\/cookiepolitik\\\/#breadcrumb\",\"itemListElement\":[{\"@type\":\"ListItem\",\"position\":1,\"name\":\"Home\",\"item\":\"https:\\\/\\\/naturogmad.dk\\\/\"},{\"@type\":\"ListItem\",\"position\":2,\"name\":\"Cookiepolitik\"}]},{\"@type\":\"WebSite\",\"@id\":\"https:\\\/\\\/naturogmad.dk\\\/#website\",\"url\":\"https:\\\/\\\/naturogmad.dk\\\/\",\"name\":\"Natur og mad\",\"description\":\"natur milj\u00f8 biodiversitet landbrug dyrevelf\u00e6rd mad\",\"publisher\":{\"@id\":\"https:\\\/\\\/naturogmad.dk\\\/#organization\"},\"potentialAction\":[{\"@type\":\"SearchAction\",\"target\":{\"@type\":\"EntryPoint\",\"urlTemplate\":\"https:\\\/\\\/naturogmad.dk\\\/?s={search_term_string}\"},\"query-input\":{\"@type\":\"PropertyValueSpecification\",\"valueRequired\":true,\"valueName\":\"search_term_string\"}}],\"inLanguage\":\"da-DK\"},{\"@type\":[\"Organization\",\"Place\"],\"@id\":\"https:\\\/\\\/naturogmad.dk\\\/#organization\",\"name\":\"Natur og mad\",\"url\":\"https:\\\/\\\/naturogmad.dk\\\/\",\"logo\":{\"@id\":\"https:\\\/\\\/naturogmad.dk\\\/index.php\\\/cookiepolitik\\\/#local-main-organization-logo\"},\"image\":{\"@id\":\"https:\\\/\\\/naturogmad.dk\\\/index.php\\\/cookiepolitik\\\/#local-main-organization-logo\"},\"numberOfEmployees\":{\"@type\":\"QuantitativeValue\",\"minValue\":\"1\",\"maxValue\":\"10\"},\"telephone\":[],\"openingHoursSpecification\":[{\"@type\":\"OpeningHoursSpecification\",\"dayOfWeek\":[\"Monday\",\"Tuesday\",\"Wednesday\",\"Thursday\",\"Friday\",\"Saturday\",\"Sunday\"],\"opens\":\"09:00\",\"closes\":\"17:00\"}]},{\"@type\":\"ImageObject\",\"inLanguage\":\"da-DK\",\"@id\":\"https:\\\/\\\/naturogmad.dk\\\/index.php\\\/cookiepolitik\\\/#local-main-organization-logo\",\"url\":\"https:\\\/\\\/naturogmad.dk\\\/wp-content\\\/uploads\\\/2026\\\/02\\\/cropped-ikon.webp\",\"contentUrl\":\"https:\\\/\\\/naturogmad.dk\\\/wp-content\\\/uploads\\\/2026\\\/02\\\/cropped-ikon.webp\",\"width\":512,\"height\":512,\"caption\":\"Natur og mad\"}]}<\/script>\n<!-- \/ Yoast SEO Premium plugin. -->","yoast_head_json":{"title":"Cookiepolitik - Natur og mad","description":"Denne cookiepolitik forklarer, hvordan \"jeg\" bruger cookies og lignende teknologier til at genkende dig, n\u00e5r du bes\u00f8ger min hjemmeside","robots":{"index":"index","follow":"follow","max-snippet":"max-snippet:-1","max-image-preview":"max-image-preview:large","max-video-preview":"max-video-preview:-1"},"canonical":"https:\/\/naturogmad.dk\/index.php\/cookiepolitik\/","og_locale":"da_DK","og_type":"article","og_title":"Cookiepolitik","og_description":"Denne cookiepolitik forklarer, hvordan \"jeg\" bruger cookies og lignende teknologier til at genkende dig, n\u00e5r du bes\u00f8ger min hjemmeside","og_url":"https:\/\/naturogmad.dk\/index.php\/cookiepolitik\/","og_site_name":"Natur og mad","article_modified_time":"2026-03-13T08:09:48+00:00","twitter_card":"summary_large_image","twitter_misc":{"Estimeret l\u00e6setid":"6 minutter"},"schema":{"@context":"https:\/\/schema.org","@graph":[{"@type":"WebPage","@id":"https:\/\/naturogmad.dk\/index.php\/cookiepolitik\/","url":"https:\/\/naturogmad.dk\/index.php\/cookiepolitik\/","name":"Cookiepolitik - Natur og mad","isPartOf":{"@id":"https:\/\/naturogmad.dk\/#website"},"datePublished":"2026-03-13T08:05:19+00:00","dateModified":"2026-03-13T08:09:48+00:00","description":"Denne cookiepolitik forklarer, hvordan \"jeg\" bruger cookies og lignende teknologier til at genkende dig, n\u00e5r du bes\u00f8ger min hjemmeside","breadcrumb":{"@id":"https:\/\/naturogmad.dk\/index.php\/cookiepolitik\/#breadcrumb"},"inLanguage":"da-DK","potentialAction":[{"@type":"ReadAction","target":["https:\/\/naturogmad.dk\/index.php\/cookiepolitik\/"]}]},{"@type":"BreadcrumbList","@id":"https:\/\/naturogmad.dk\/index.php\/cookiepolitik\/#breadcrumb","itemListElement":[{"@type":"ListItem","position":1,"name":"Home","item":"https:\/\/naturogmad.dk\/"},{"@type":"ListItem","position":2,"name":"Cookiepolitik"}]},{"@type":"WebSite","@id":"https:\/\/naturogmad.dk\/#website","url":"https:\/\/naturogmad.dk\/","name":"Natur og mad","description":"natur milj\u00f8 biodiversitet landbrug dyrevelf\u00e6rd mad","publisher":{"@id":"https:\/\/naturogmad.dk\/#organization"},"potentialAction":[{"@type":"SearchAction","target":{"@type":"EntryPoint","urlTemplate":"https:\/\/naturogmad.dk\/?s={search_term_string}"},"query-input":{"@type":"PropertyValueSpecification","valueRequired":true,"valueName":"search_term_string"}}],"inLanguage":"da-DK"},{"@type":["Organization","Place"],"@id":"https:\/\/naturogmad.dk\/#organization","name":"Natur og mad","url":"https:\/\/naturogmad.dk\/","logo":{"@id":"https:\/\/naturogmad.dk\/index.php\/cookiepolitik\/#local-main-organization-logo"},"image":{"@id":"https:\/\/naturogmad.dk\/index.php\/cookiepolitik\/#local-main-organization-logo"},"numberOfEmployees":{"@type":"QuantitativeValue","minValue":"1","maxValue":"10"},"telephone":[],"openingHoursSpecification":[{"@type":"OpeningHoursSpecification","dayOfWeek":["Monday","Tuesday","Wednesday","Thursday","Friday","Saturday","Sunday"],"opens":"09:00","closes":"17:00"}]},{"@type":"ImageObject","inLanguage":"da-DK","@id":"https:\/\/naturogmad.dk\/index.php\/cookiepolitik\/#local-main-organization-logo","url":"https:\/\/naturogmad.dk\/wp-content\/uploads\/2026\/02\/cropped-ikon.webp","contentUrl":"https:\/\/naturogmad.dk\/wp-content\/uploads\/2026\/02\/cropped-ikon.webp","width":512,"height":512,"caption":"Natur og mad"}]}},"_links":{"self":[{"href":"https:\/\/naturogmad.dk\/index.php\/wp-json\/wp\/v2\/pages\/1424","targetHints":{"allow":["GET"]}}],"collection":[{"href":"https:\/\/naturogmad.dk\/index.php\/wp-json\/wp\/v2\/pages"}],"about":[{"href":"https:\/\/naturogmad.dk\/index.php\/wp-json\/wp\/v2\/types\/page"}],"author":[{"embeddable":true,"href":"https:\/\/naturogmad.dk\/index.php\/wp-json\/wp\/v2\/users\/1"}],"replies":[{"embeddable":true,"href":"https:\/\/naturogmad.dk\/index.php\/wp-json\/wp\/v2\/comments?post=1424"}],"version-history":[{"count":0,"href":"https:\/\/naturogmad.dk\/index.php\/wp-json\/wp\/v2\/pages\/1424\/revisions"}],"wp:attachment":[{"href":"https:\/\/naturogmad.dk\/index.php\/wp-json\/wp\/v2\/media?parent=1424"}],"curies":[{"name":"wp","href":"https:\/\/api.w.org\/{rel}","templated":true}]}}