{"id":1407,"date":"2026-03-12T12:51:40","date_gmt":"2026-03-12T11:51:40","guid":{"rendered":"https:\/\/naturogmad.dk\/?page_id=1407"},"modified":"2026-03-12T12:59:24","modified_gmt":"2026-03-12T11:59:24","slug":"viben","status":"publish","type":"page","link":"https:\/\/naturogmad.dk\/index.php\/danmarks-dyreliv\/viben\/","title":{"rendered":"Viben"},"content":{"rendered":"<p>Viben (<em>Vanellus vanellus<\/em>) er en vadefugl, der yngler i Europa og Asien. I Danmark findes den p\u00e5 strandenge eller gr\u00e6sarealer med kreaturer, f.eks. p\u00e5 marsken ved Vadehavet, men tr\u00e6kker sydp\u00e5 om vinteren. <\/p>\n<p>Tidligere var viben meget almindelig i Danmark, men den er g\u00e5et kraftigt tilbage i det 20. \u00e5rhundrede p\u00e5 grund af landbrugets \u00e6ndrede dyrkningsformer med bl.a. f\u00e6rre gr\u00e6sarealer. Ynglebestanden er vurderet som s\u00e5rbar p\u00e5 den danske <a href=\"https:\/\/da.wikipedia.org\/wiki\/Den_Danske_R%C3%B8dliste\" target=\"_blank\">r\u00f8dliste<\/a>.<\/p>\n<p>I Danmark kaldes Vanellus vanellus blot &#8220;vibe&#8221;, men der findes mere end tyve andre vibe-arter i resten af verden.<\/p>\n<h2>Udseende og stemme<\/h2>\n<p>Viben er omkring 30-32 centimeter, det vil sige samme st\u00f8rrelse som en due. Den kendes bedst p\u00e5 den sort-gr\u00f8nne fjerdragt, og fjertoppen, \u00f8verst p\u00e5 fuglens hoved. K\u00f8nnene er n\u00e6sten ens af udseende. Stemmen er karakteristisk og kan gengives som <em>kiiuviit-vit-vit<\/em>.<\/p>\n<p>Kildehenvisning:<\/p>\n<p>\u201cVibe\u201d<br \/>\nwikipedia.org<br \/>\n<a href=\"https:\/\/da.wikipedia.org\/wiki\/Vibe\" target=\"_blank\">https:\/\/da.wikipedia.org\/wiki\/Vibe<\/a><\/p>\n","protected":false},"excerpt":{"rendered":"<p>Viben (Vanellus vanellus) er en vadefugl, der yngler i Europa og Asien. I Danmark findes den p\u00e5 strandenge eller gr\u00e6sarealer med kreaturer, f.eks. p\u00e5 marsken ved Vadehavet, men tr\u00e6kker sydp\u00e5&hellip;<\/p>\n","protected":false},"author":1,"featured_media":1410,"parent":593,"menu_order":0,"comment_status":"closed","ping_status":"closed","template":"","meta":{"footnotes":""},"class_list":["post-1407","page","type-page","status-publish","has-post-thumbnail","hentry"],"yoast_head":"<!-- This site is optimized with the Yoast SEO Premium plugin v27.4 (Yoast SEO v27.4) - https:\/\/yoast.com\/product\/yoast-seo-premium-wordpress\/ -->\n<title>Viben - Natur og mad<\/title>\n<meta name=\"description\" content=\"Viben Vanellus vanellus) er en vadefugl, der yngler i Europa og Asien. I Danmark findes den p\u00e5 strandenge eller gr\u00e6sarealer med kreaturer\" \/>\n<meta name=\"robots\" content=\"index, follow, max-snippet:-1, max-image-preview:large, max-video-preview:-1\" \/>\n<link rel=\"canonical\" href=\"https:\/\/naturogmad.dk\/index.php\/danmarks-dyreliv\/viben\/\" \/>\n<meta property=\"og:locale\" content=\"da_DK\" \/>\n<meta property=\"og:type\" content=\"article\" \/>\n<meta property=\"og:title\" content=\"Viben\" \/>\n<meta property=\"og:description\" content=\"Viben Vanellus vanellus) er en vadefugl, der yngler i Europa og Asien. I Danmark findes den p\u00e5 strandenge eller gr\u00e6sarealer med kreaturer\" \/>\n<meta property=\"og:url\" content=\"https:\/\/naturogmad.dk\/index.php\/danmarks-dyreliv\/viben\/\" \/>\n<meta property=\"og:site_name\" content=\"Natur og mad\" \/>\n<meta property=\"article:modified_time\" content=\"2026-03-12T11:59:24+00:00\" \/>\n<meta property=\"og:image\" content=\"https:\/\/naturogmad.dk\/wp-content\/uploads\/2026\/03\/Vibe.webp\" \/>\n\t<meta property=\"og:image:width\" content=\"1600\" \/>\n\t<meta property=\"og:image:height\" content=\"595\" \/>\n\t<meta property=\"og:image:type\" content=\"image\/webp\" \/>\n<meta name=\"twitter:card\" content=\"summary_large_image\" \/>\n<meta name=\"twitter:label1\" content=\"Estimeret l\u00e6setid\" \/>\n\t<meta name=\"twitter:data1\" content=\"1 minut\" \/>\n<script type=\"application\/ld+json\" class=\"yoast-schema-graph\">{\"@context\":\"https:\\\/\\\/schema.org\",\"@graph\":[{\"@type\":\"WebPage\",\"@id\":\"https:\\\/\\\/naturogmad.dk\\\/index.php\\\/danmarks-dyreliv\\\/viben\\\/\",\"url\":\"https:\\\/\\\/naturogmad.dk\\\/index.php\\\/danmarks-dyreliv\\\/viben\\\/\",\"name\":\"Viben - Natur og mad\",\"isPartOf\":{\"@id\":\"https:\\\/\\\/naturogmad.dk\\\/#website\"},\"primaryImageOfPage\":{\"@id\":\"https:\\\/\\\/naturogmad.dk\\\/index.php\\\/danmarks-dyreliv\\\/viben\\\/#primaryimage\"},\"image\":{\"@id\":\"https:\\\/\\\/naturogmad.dk\\\/index.php\\\/danmarks-dyreliv\\\/viben\\\/#primaryimage\"},\"thumbnailUrl\":\"https:\\\/\\\/naturogmad.dk\\\/wp-content\\\/uploads\\\/2026\\\/03\\\/Vibe.webp\",\"datePublished\":\"2026-03-12T11:51:40+00:00\",\"dateModified\":\"2026-03-12T11:59:24+00:00\",\"description\":\"Viben Vanellus vanellus) er en vadefugl, der yngler i Europa og Asien. I Danmark findes den p\u00e5 strandenge eller gr\u00e6sarealer med kreaturer\",\"breadcrumb\":{\"@id\":\"https:\\\/\\\/naturogmad.dk\\\/index.php\\\/danmarks-dyreliv\\\/viben\\\/#breadcrumb\"},\"inLanguage\":\"da-DK\",\"potentialAction\":[{\"@type\":\"ReadAction\",\"target\":[\"https:\\\/\\\/naturogmad.dk\\\/index.php\\\/danmarks-dyreliv\\\/viben\\\/\"]}]},{\"@type\":\"ImageObject\",\"inLanguage\":\"da-DK\",\"@id\":\"https:\\\/\\\/naturogmad.dk\\\/index.php\\\/danmarks-dyreliv\\\/viben\\\/#primaryimage\",\"url\":\"https:\\\/\\\/naturogmad.dk\\\/wp-content\\\/uploads\\\/2026\\\/03\\\/Vibe.webp\",\"contentUrl\":\"https:\\\/\\\/naturogmad.dk\\\/wp-content\\\/uploads\\\/2026\\\/03\\\/Vibe.webp\",\"width\":1600,\"height\":595},{\"@type\":\"BreadcrumbList\",\"@id\":\"https:\\\/\\\/naturogmad.dk\\\/index.php\\\/danmarks-dyreliv\\\/viben\\\/#breadcrumb\",\"itemListElement\":[{\"@type\":\"ListItem\",\"position\":1,\"name\":\"Home\",\"item\":\"https:\\\/\\\/naturogmad.dk\\\/\"},{\"@type\":\"ListItem\",\"position\":2,\"name\":\"Danmarks dyreliv\",\"item\":\"https:\\\/\\\/naturogmad.dk\\\/index.php\\\/danmarks-dyreliv\\\/\"},{\"@type\":\"ListItem\",\"position\":3,\"name\":\"Viben\"}]},{\"@type\":\"WebSite\",\"@id\":\"https:\\\/\\\/naturogmad.dk\\\/#website\",\"url\":\"https:\\\/\\\/naturogmad.dk\\\/\",\"name\":\"Natur og mad\",\"description\":\"natur milj\u00f8 biodiversitet landbrug dyrevelf\u00e6rd mad\",\"publisher\":{\"@id\":\"https:\\\/\\\/naturogmad.dk\\\/#organization\"},\"potentialAction\":[{\"@type\":\"SearchAction\",\"target\":{\"@type\":\"EntryPoint\",\"urlTemplate\":\"https:\\\/\\\/naturogmad.dk\\\/?s={search_term_string}\"},\"query-input\":{\"@type\":\"PropertyValueSpecification\",\"valueRequired\":true,\"valueName\":\"search_term_string\"}}],\"inLanguage\":\"da-DK\"},{\"@type\":[\"Organization\",\"Place\"],\"@id\":\"https:\\\/\\\/naturogmad.dk\\\/#organization\",\"name\":\"Natur og mad\",\"url\":\"https:\\\/\\\/naturogmad.dk\\\/\",\"logo\":{\"@id\":\"https:\\\/\\\/naturogmad.dk\\\/index.php\\\/danmarks-dyreliv\\\/viben\\\/#local-main-organization-logo\"},\"image\":{\"@id\":\"https:\\\/\\\/naturogmad.dk\\\/index.php\\\/danmarks-dyreliv\\\/viben\\\/#local-main-organization-logo\"},\"numberOfEmployees\":{\"@type\":\"QuantitativeValue\",\"minValue\":\"1\",\"maxValue\":\"10\"},\"telephone\":[],\"openingHoursSpecification\":[{\"@type\":\"OpeningHoursSpecification\",\"dayOfWeek\":[\"Monday\",\"Tuesday\",\"Wednesday\",\"Thursday\",\"Friday\",\"Saturday\",\"Sunday\"],\"opens\":\"09:00\",\"closes\":\"17:00\"}]},{\"@type\":\"ImageObject\",\"inLanguage\":\"da-DK\",\"@id\":\"https:\\\/\\\/naturogmad.dk\\\/index.php\\\/danmarks-dyreliv\\\/viben\\\/#local-main-organization-logo\",\"url\":\"https:\\\/\\\/naturogmad.dk\\\/wp-content\\\/uploads\\\/2026\\\/02\\\/cropped-ikon.webp\",\"contentUrl\":\"https:\\\/\\\/naturogmad.dk\\\/wp-content\\\/uploads\\\/2026\\\/02\\\/cropped-ikon.webp\",\"width\":512,\"height\":512,\"caption\":\"Natur og mad\"}]}<\/script>\n<!-- \/ Yoast SEO Premium plugin. -->","yoast_head_json":{"title":"Viben - Natur og mad","description":"Viben Vanellus vanellus) er en vadefugl, der yngler i Europa og Asien. I Danmark findes den p\u00e5 strandenge eller gr\u00e6sarealer med kreaturer","robots":{"index":"index","follow":"follow","max-snippet":"max-snippet:-1","max-image-preview":"max-image-preview:large","max-video-preview":"max-video-preview:-1"},"canonical":"https:\/\/naturogmad.dk\/index.php\/danmarks-dyreliv\/viben\/","og_locale":"da_DK","og_type":"article","og_title":"Viben","og_description":"Viben Vanellus vanellus) er en vadefugl, der yngler i Europa og Asien. I Danmark findes den p\u00e5 strandenge eller gr\u00e6sarealer med kreaturer","og_url":"https:\/\/naturogmad.dk\/index.php\/danmarks-dyreliv\/viben\/","og_site_name":"Natur og mad","article_modified_time":"2026-03-12T11:59:24+00:00","og_image":[{"width":1600,"height":595,"url":"https:\/\/naturogmad.dk\/wp-content\/uploads\/2026\/03\/Vibe.webp","type":"image\/webp"}],"twitter_card":"summary_large_image","twitter_misc":{"Estimeret l\u00e6setid":"1 minut"},"schema":{"@context":"https:\/\/schema.org","@graph":[{"@type":"WebPage","@id":"https:\/\/naturogmad.dk\/index.php\/danmarks-dyreliv\/viben\/","url":"https:\/\/naturogmad.dk\/index.php\/danmarks-dyreliv\/viben\/","name":"Viben - Natur og mad","isPartOf":{"@id":"https:\/\/naturogmad.dk\/#website"},"primaryImageOfPage":{"@id":"https:\/\/naturogmad.dk\/index.php\/danmarks-dyreliv\/viben\/#primaryimage"},"image":{"@id":"https:\/\/naturogmad.dk\/index.php\/danmarks-dyreliv\/viben\/#primaryimage"},"thumbnailUrl":"https:\/\/naturogmad.dk\/wp-content\/uploads\/2026\/03\/Vibe.webp","datePublished":"2026-03-12T11:51:40+00:00","dateModified":"2026-03-12T11:59:24+00:00","description":"Viben Vanellus vanellus) er en vadefugl, der yngler i Europa og Asien. I Danmark findes den p\u00e5 strandenge eller gr\u00e6sarealer med kreaturer","breadcrumb":{"@id":"https:\/\/naturogmad.dk\/index.php\/danmarks-dyreliv\/viben\/#breadcrumb"},"inLanguage":"da-DK","potentialAction":[{"@type":"ReadAction","target":["https:\/\/naturogmad.dk\/index.php\/danmarks-dyreliv\/viben\/"]}]},{"@type":"ImageObject","inLanguage":"da-DK","@id":"https:\/\/naturogmad.dk\/index.php\/danmarks-dyreliv\/viben\/#primaryimage","url":"https:\/\/naturogmad.dk\/wp-content\/uploads\/2026\/03\/Vibe.webp","contentUrl":"https:\/\/naturogmad.dk\/wp-content\/uploads\/2026\/03\/Vibe.webp","width":1600,"height":595},{"@type":"BreadcrumbList","@id":"https:\/\/naturogmad.dk\/index.php\/danmarks-dyreliv\/viben\/#breadcrumb","itemListElement":[{"@type":"ListItem","position":1,"name":"Home","item":"https:\/\/naturogmad.dk\/"},{"@type":"ListItem","position":2,"name":"Danmarks dyreliv","item":"https:\/\/naturogmad.dk\/index.php\/danmarks-dyreliv\/"},{"@type":"ListItem","position":3,"name":"Viben"}]},{"@type":"WebSite","@id":"https:\/\/naturogmad.dk\/#website","url":"https:\/\/naturogmad.dk\/","name":"Natur og mad","description":"natur milj\u00f8 biodiversitet landbrug dyrevelf\u00e6rd mad","publisher":{"@id":"https:\/\/naturogmad.dk\/#organization"},"potentialAction":[{"@type":"SearchAction","target":{"@type":"EntryPoint","urlTemplate":"https:\/\/naturogmad.dk\/?s={search_term_string}"},"query-input":{"@type":"PropertyValueSpecification","valueRequired":true,"valueName":"search_term_string"}}],"inLanguage":"da-DK"},{"@type":["Organization","Place"],"@id":"https:\/\/naturogmad.dk\/#organization","name":"Natur og mad","url":"https:\/\/naturogmad.dk\/","logo":{"@id":"https:\/\/naturogmad.dk\/index.php\/danmarks-dyreliv\/viben\/#local-main-organization-logo"},"image":{"@id":"https:\/\/naturogmad.dk\/index.php\/danmarks-dyreliv\/viben\/#local-main-organization-logo"},"numberOfEmployees":{"@type":"QuantitativeValue","minValue":"1","maxValue":"10"},"telephone":[],"openingHoursSpecification":[{"@type":"OpeningHoursSpecification","dayOfWeek":["Monday","Tuesday","Wednesday","Thursday","Friday","Saturday","Sunday"],"opens":"09:00","closes":"17:00"}]},{"@type":"ImageObject","inLanguage":"da-DK","@id":"https:\/\/naturogmad.dk\/index.php\/danmarks-dyreliv\/viben\/#local-main-organization-logo","url":"https:\/\/naturogmad.dk\/wp-content\/uploads\/2026\/02\/cropped-ikon.webp","contentUrl":"https:\/\/naturogmad.dk\/wp-content\/uploads\/2026\/02\/cropped-ikon.webp","width":512,"height":512,"caption":"Natur og mad"}]}},"_links":{"self":[{"href":"https:\/\/naturogmad.dk\/index.php\/wp-json\/wp\/v2\/pages\/1407","targetHints":{"allow":["GET"]}}],"collection":[{"href":"https:\/\/naturogmad.dk\/index.php\/wp-json\/wp\/v2\/pages"}],"about":[{"href":"https:\/\/naturogmad.dk\/index.php\/wp-json\/wp\/v2\/types\/page"}],"author":[{"embeddable":true,"href":"https:\/\/naturogmad.dk\/index.php\/wp-json\/wp\/v2\/users\/1"}],"replies":[{"embeddable":true,"href":"https:\/\/naturogmad.dk\/index.php\/wp-json\/wp\/v2\/comments?post=1407"}],"version-history":[{"count":0,"href":"https:\/\/naturogmad.dk\/index.php\/wp-json\/wp\/v2\/pages\/1407\/revisions"}],"up":[{"embeddable":true,"href":"https:\/\/naturogmad.dk\/index.php\/wp-json\/wp\/v2\/pages\/593"}],"wp:featuredmedia":[{"embeddable":true,"href":"https:\/\/naturogmad.dk\/index.php\/wp-json\/wp\/v2\/media\/1410"}],"wp:attachment":[{"href":"https:\/\/naturogmad.dk\/index.php\/wp-json\/wp\/v2\/media?parent=1407"}],"curies":[{"name":"wp","href":"https:\/\/api.w.org\/{rel}","templated":true}]}}