{"id":1387,"date":"2026-03-10T09:19:31","date_gmt":"2026-03-10T08:19:31","guid":{"rendered":"https:\/\/naturogmad.dk\/?page_id=1387"},"modified":"2026-03-10T09:19:55","modified_gmt":"2026-03-10T08:19:55","slug":"klyden","status":"publish","type":"page","link":"https:\/\/naturogmad.dk\/index.php\/danmarks-dyreliv\/klyden\/","title":{"rendered":"Klyden"},"content":{"rendered":"<p>Klyden (<em>Recurvirostra avosetta<\/em>) er 43 cm lang fra n\u00e6b til hale. Med det opadkrummede n\u00e6b &#8220;skummer&#8221; den havets overflade for krebsdyr, orme, fiske\u00e6g og alger.<\/p>\n<p>Den yngler i kolonier p\u00e5 marsk- og strandenge og gerne p\u00e5 sm\u00e5\u00f8er og holme. Klyderne findes i Europa og i store dele af Afrika og Asien. Danmark er p\u00e5 nordgr\u00e6nsen af klydernes udbredelse. <\/p>\n<p>Om efter\u00e5ret samles klyderne ved Vadehavet, f\u00f8r de tr\u00e6kker sydp\u00e5 til Sydvesteuropa og Vestafrika. I mods\u00e6tning til de fleste andre vadefugle, kan man se klyderne sv\u00f8mme p\u00e5 vandet, og den har sv\u00f8mmehud mellem t\u00e6erne.<\/p>\n<p>Klyderne slutter sig sammen og mobber m\u00e5ger og krager, hvis disse kommer for t\u00e6t p\u00e5 rederne. Krager og m\u00e5ger kan sagtens finde p\u00e5 at snuppe en lille klydeunge eller et klyde\u00e6g, hvis de kan slippe af sted med det, men klyderne har tit held til jage \u00e6ggetyvene v\u00e6k. <\/p>\n<p>En anden taktik klyden anvender for at beskytte sin rede er at lade, som om den selv har br\u00e6kket vingen og derved tr\u00e6kke rovdyret opm\u00e6rksomhed v\u00e6k fra reden.<\/p>\n<p>Klyderne ankommer til Danmark i l\u00f8bet af marts, og \u00e6gl\u00e6gningen finder sted i slutningen af april. Kl\u00e6kningen af ungerne sker i midten af maj, og umiddelbart efter g\u00e5r for\u00e6ldrene med deres unger ud p\u00e5 vaden, hvor de \u00e6der vandinsekter og orme. I l\u00f8bet af juli, august og september ses klyderne samlet i store, f\u00e6lles territorier, hvor de f\u00e6lder dragten. <\/p>\n<p>Inden de voksne fugle er f\u00e6rdige med f\u00e6ldningen, begiver ungfuglene sig mod overvintringspladserne, som str\u00e6kker sig fra Vesteuropa til Middelhavet og videre til Vestafrika. I l\u00f8bet af september og i starten af oktober begynder efter\u00e5rstr\u00e6kket for de voksne fugle.<\/p>\n","protected":false},"excerpt":{"rendered":"<p>Klyden (Recurvirostra avosetta) er 43 cm lang fra n\u00e6b til hale. Med det opadkrummede n\u00e6b &#8220;skummer&#8221; den havets overflade for krebsdyr, orme, fiske\u00e6g og alger. Den yngler i kolonier p\u00e5&hellip;<\/p>\n","protected":false},"author":1,"featured_media":1388,"parent":593,"menu_order":0,"comment_status":"closed","ping_status":"closed","template":"","meta":{"footnotes":""},"class_list":["post-1387","page","type-page","status-publish","has-post-thumbnail","hentry"],"yoast_head":"<!-- This site is optimized with the Yoast SEO Premium plugin v27.4 (Yoast SEO v27.4) - https:\/\/yoast.com\/product\/yoast-seo-premium-wordpress\/ -->\n<title>Klyden - Natur og mad<\/title>\n<meta name=\"description\" content=\"Klyden Recurvirostra avosetta er 43 cm lang fra n\u00e6b til hale. Med det opadkrummede n\u00e6b &quot;skummer&quot; den havets overflade for krebsdyr orme\" \/>\n<meta name=\"robots\" content=\"index, follow, max-snippet:-1, max-image-preview:large, max-video-preview:-1\" \/>\n<link rel=\"canonical\" href=\"https:\/\/naturogmad.dk\/index.php\/danmarks-dyreliv\/klyden\/\" \/>\n<meta property=\"og:locale\" content=\"da_DK\" \/>\n<meta property=\"og:type\" content=\"article\" \/>\n<meta property=\"og:title\" content=\"Klyden\" \/>\n<meta property=\"og:description\" content=\"Klyden Recurvirostra avosetta er 43 cm lang fra n\u00e6b til hale. Med det opadkrummede n\u00e6b &quot;skummer&quot; den havets overflade for krebsdyr orme\" \/>\n<meta property=\"og:url\" content=\"https:\/\/naturogmad.dk\/index.php\/danmarks-dyreliv\/klyden\/\" \/>\n<meta property=\"og:site_name\" content=\"Natur og mad\" \/>\n<meta property=\"article:modified_time\" content=\"2026-03-10T08:19:55+00:00\" \/>\n<meta property=\"og:image\" content=\"https:\/\/naturogmad.dk\/wp-content\/uploads\/2026\/03\/Klyden.webp\" \/>\n\t<meta property=\"og:image:width\" content=\"1600\" \/>\n\t<meta property=\"og:image:height\" content=\"575\" \/>\n\t<meta property=\"og:image:type\" content=\"image\/webp\" \/>\n<meta name=\"twitter:card\" content=\"summary_large_image\" \/>\n<meta name=\"twitter:label1\" content=\"Estimeret l\u00e6setid\" \/>\n\t<meta name=\"twitter:data1\" content=\"2 minutter\" \/>\n<script type=\"application\/ld+json\" class=\"yoast-schema-graph\">{\"@context\":\"https:\\\/\\\/schema.org\",\"@graph\":[{\"@type\":\"WebPage\",\"@id\":\"https:\\\/\\\/naturogmad.dk\\\/index.php\\\/danmarks-dyreliv\\\/klyden\\\/\",\"url\":\"https:\\\/\\\/naturogmad.dk\\\/index.php\\\/danmarks-dyreliv\\\/klyden\\\/\",\"name\":\"Klyden - Natur og mad\",\"isPartOf\":{\"@id\":\"https:\\\/\\\/naturogmad.dk\\\/#website\"},\"primaryImageOfPage\":{\"@id\":\"https:\\\/\\\/naturogmad.dk\\\/index.php\\\/danmarks-dyreliv\\\/klyden\\\/#primaryimage\"},\"image\":{\"@id\":\"https:\\\/\\\/naturogmad.dk\\\/index.php\\\/danmarks-dyreliv\\\/klyden\\\/#primaryimage\"},\"thumbnailUrl\":\"https:\\\/\\\/naturogmad.dk\\\/wp-content\\\/uploads\\\/2026\\\/03\\\/Klyden.webp\",\"datePublished\":\"2026-03-10T08:19:31+00:00\",\"dateModified\":\"2026-03-10T08:19:55+00:00\",\"description\":\"Klyden Recurvirostra avosetta er 43 cm lang fra n\u00e6b til hale. Med det opadkrummede n\u00e6b \\\"skummer\\\" den havets overflade for krebsdyr orme\",\"breadcrumb\":{\"@id\":\"https:\\\/\\\/naturogmad.dk\\\/index.php\\\/danmarks-dyreliv\\\/klyden\\\/#breadcrumb\"},\"inLanguage\":\"da-DK\",\"potentialAction\":[{\"@type\":\"ReadAction\",\"target\":[\"https:\\\/\\\/naturogmad.dk\\\/index.php\\\/danmarks-dyreliv\\\/klyden\\\/\"]}]},{\"@type\":\"ImageObject\",\"inLanguage\":\"da-DK\",\"@id\":\"https:\\\/\\\/naturogmad.dk\\\/index.php\\\/danmarks-dyreliv\\\/klyden\\\/#primaryimage\",\"url\":\"https:\\\/\\\/naturogmad.dk\\\/wp-content\\\/uploads\\\/2026\\\/03\\\/Klyden.webp\",\"contentUrl\":\"https:\\\/\\\/naturogmad.dk\\\/wp-content\\\/uploads\\\/2026\\\/03\\\/Klyden.webp\",\"width\":1600,\"height\":575},{\"@type\":\"BreadcrumbList\",\"@id\":\"https:\\\/\\\/naturogmad.dk\\\/index.php\\\/danmarks-dyreliv\\\/klyden\\\/#breadcrumb\",\"itemListElement\":[{\"@type\":\"ListItem\",\"position\":1,\"name\":\"Home\",\"item\":\"https:\\\/\\\/naturogmad.dk\\\/\"},{\"@type\":\"ListItem\",\"position\":2,\"name\":\"Danmarks dyreliv\",\"item\":\"https:\\\/\\\/naturogmad.dk\\\/index.php\\\/danmarks-dyreliv\\\/\"},{\"@type\":\"ListItem\",\"position\":3,\"name\":\"Klyden\"}]},{\"@type\":\"WebSite\",\"@id\":\"https:\\\/\\\/naturogmad.dk\\\/#website\",\"url\":\"https:\\\/\\\/naturogmad.dk\\\/\",\"name\":\"Natur og mad\",\"description\":\"natur milj\u00f8 biodiversitet landbrug dyrevelf\u00e6rd mad\",\"publisher\":{\"@id\":\"https:\\\/\\\/naturogmad.dk\\\/#organization\"},\"potentialAction\":[{\"@type\":\"SearchAction\",\"target\":{\"@type\":\"EntryPoint\",\"urlTemplate\":\"https:\\\/\\\/naturogmad.dk\\\/?s={search_term_string}\"},\"query-input\":{\"@type\":\"PropertyValueSpecification\",\"valueRequired\":true,\"valueName\":\"search_term_string\"}}],\"inLanguage\":\"da-DK\"},{\"@type\":[\"Organization\",\"Place\"],\"@id\":\"https:\\\/\\\/naturogmad.dk\\\/#organization\",\"name\":\"Natur og mad\",\"url\":\"https:\\\/\\\/naturogmad.dk\\\/\",\"logo\":{\"@id\":\"https:\\\/\\\/naturogmad.dk\\\/index.php\\\/danmarks-dyreliv\\\/klyden\\\/#local-main-organization-logo\"},\"image\":{\"@id\":\"https:\\\/\\\/naturogmad.dk\\\/index.php\\\/danmarks-dyreliv\\\/klyden\\\/#local-main-organization-logo\"},\"numberOfEmployees\":{\"@type\":\"QuantitativeValue\",\"minValue\":\"1\",\"maxValue\":\"10\"},\"telephone\":[],\"openingHoursSpecification\":[{\"@type\":\"OpeningHoursSpecification\",\"dayOfWeek\":[\"Monday\",\"Tuesday\",\"Wednesday\",\"Thursday\",\"Friday\",\"Saturday\",\"Sunday\"],\"opens\":\"09:00\",\"closes\":\"17:00\"}]},{\"@type\":\"ImageObject\",\"inLanguage\":\"da-DK\",\"@id\":\"https:\\\/\\\/naturogmad.dk\\\/index.php\\\/danmarks-dyreliv\\\/klyden\\\/#local-main-organization-logo\",\"url\":\"https:\\\/\\\/naturogmad.dk\\\/wp-content\\\/uploads\\\/2026\\\/02\\\/cropped-ikon.webp\",\"contentUrl\":\"https:\\\/\\\/naturogmad.dk\\\/wp-content\\\/uploads\\\/2026\\\/02\\\/cropped-ikon.webp\",\"width\":512,\"height\":512,\"caption\":\"Natur og mad\"}]}<\/script>\n<!-- \/ Yoast SEO Premium plugin. -->","yoast_head_json":{"title":"Klyden - Natur og mad","description":"Klyden Recurvirostra avosetta er 43 cm lang fra n\u00e6b til hale. Med det opadkrummede n\u00e6b \"skummer\" den havets overflade for krebsdyr orme","robots":{"index":"index","follow":"follow","max-snippet":"max-snippet:-1","max-image-preview":"max-image-preview:large","max-video-preview":"max-video-preview:-1"},"canonical":"https:\/\/naturogmad.dk\/index.php\/danmarks-dyreliv\/klyden\/","og_locale":"da_DK","og_type":"article","og_title":"Klyden","og_description":"Klyden Recurvirostra avosetta er 43 cm lang fra n\u00e6b til hale. Med det opadkrummede n\u00e6b \"skummer\" den havets overflade for krebsdyr orme","og_url":"https:\/\/naturogmad.dk\/index.php\/danmarks-dyreliv\/klyden\/","og_site_name":"Natur og mad","article_modified_time":"2026-03-10T08:19:55+00:00","og_image":[{"width":1600,"height":575,"url":"https:\/\/naturogmad.dk\/wp-content\/uploads\/2026\/03\/Klyden.webp","type":"image\/webp"}],"twitter_card":"summary_large_image","twitter_misc":{"Estimeret l\u00e6setid":"2 minutter"},"schema":{"@context":"https:\/\/schema.org","@graph":[{"@type":"WebPage","@id":"https:\/\/naturogmad.dk\/index.php\/danmarks-dyreliv\/klyden\/","url":"https:\/\/naturogmad.dk\/index.php\/danmarks-dyreliv\/klyden\/","name":"Klyden - Natur og mad","isPartOf":{"@id":"https:\/\/naturogmad.dk\/#website"},"primaryImageOfPage":{"@id":"https:\/\/naturogmad.dk\/index.php\/danmarks-dyreliv\/klyden\/#primaryimage"},"image":{"@id":"https:\/\/naturogmad.dk\/index.php\/danmarks-dyreliv\/klyden\/#primaryimage"},"thumbnailUrl":"https:\/\/naturogmad.dk\/wp-content\/uploads\/2026\/03\/Klyden.webp","datePublished":"2026-03-10T08:19:31+00:00","dateModified":"2026-03-10T08:19:55+00:00","description":"Klyden Recurvirostra avosetta er 43 cm lang fra n\u00e6b til hale. Med det opadkrummede n\u00e6b \"skummer\" den havets overflade for krebsdyr orme","breadcrumb":{"@id":"https:\/\/naturogmad.dk\/index.php\/danmarks-dyreliv\/klyden\/#breadcrumb"},"inLanguage":"da-DK","potentialAction":[{"@type":"ReadAction","target":["https:\/\/naturogmad.dk\/index.php\/danmarks-dyreliv\/klyden\/"]}]},{"@type":"ImageObject","inLanguage":"da-DK","@id":"https:\/\/naturogmad.dk\/index.php\/danmarks-dyreliv\/klyden\/#primaryimage","url":"https:\/\/naturogmad.dk\/wp-content\/uploads\/2026\/03\/Klyden.webp","contentUrl":"https:\/\/naturogmad.dk\/wp-content\/uploads\/2026\/03\/Klyden.webp","width":1600,"height":575},{"@type":"BreadcrumbList","@id":"https:\/\/naturogmad.dk\/index.php\/danmarks-dyreliv\/klyden\/#breadcrumb","itemListElement":[{"@type":"ListItem","position":1,"name":"Home","item":"https:\/\/naturogmad.dk\/"},{"@type":"ListItem","position":2,"name":"Danmarks dyreliv","item":"https:\/\/naturogmad.dk\/index.php\/danmarks-dyreliv\/"},{"@type":"ListItem","position":3,"name":"Klyden"}]},{"@type":"WebSite","@id":"https:\/\/naturogmad.dk\/#website","url":"https:\/\/naturogmad.dk\/","name":"Natur og mad","description":"natur milj\u00f8 biodiversitet landbrug dyrevelf\u00e6rd mad","publisher":{"@id":"https:\/\/naturogmad.dk\/#organization"},"potentialAction":[{"@type":"SearchAction","target":{"@type":"EntryPoint","urlTemplate":"https:\/\/naturogmad.dk\/?s={search_term_string}"},"query-input":{"@type":"PropertyValueSpecification","valueRequired":true,"valueName":"search_term_string"}}],"inLanguage":"da-DK"},{"@type":["Organization","Place"],"@id":"https:\/\/naturogmad.dk\/#organization","name":"Natur og mad","url":"https:\/\/naturogmad.dk\/","logo":{"@id":"https:\/\/naturogmad.dk\/index.php\/danmarks-dyreliv\/klyden\/#local-main-organization-logo"},"image":{"@id":"https:\/\/naturogmad.dk\/index.php\/danmarks-dyreliv\/klyden\/#local-main-organization-logo"},"numberOfEmployees":{"@type":"QuantitativeValue","minValue":"1","maxValue":"10"},"telephone":[],"openingHoursSpecification":[{"@type":"OpeningHoursSpecification","dayOfWeek":["Monday","Tuesday","Wednesday","Thursday","Friday","Saturday","Sunday"],"opens":"09:00","closes":"17:00"}]},{"@type":"ImageObject","inLanguage":"da-DK","@id":"https:\/\/naturogmad.dk\/index.php\/danmarks-dyreliv\/klyden\/#local-main-organization-logo","url":"https:\/\/naturogmad.dk\/wp-content\/uploads\/2026\/02\/cropped-ikon.webp","contentUrl":"https:\/\/naturogmad.dk\/wp-content\/uploads\/2026\/02\/cropped-ikon.webp","width":512,"height":512,"caption":"Natur og mad"}]}},"_links":{"self":[{"href":"https:\/\/naturogmad.dk\/index.php\/wp-json\/wp\/v2\/pages\/1387","targetHints":{"allow":["GET"]}}],"collection":[{"href":"https:\/\/naturogmad.dk\/index.php\/wp-json\/wp\/v2\/pages"}],"about":[{"href":"https:\/\/naturogmad.dk\/index.php\/wp-json\/wp\/v2\/types\/page"}],"author":[{"embeddable":true,"href":"https:\/\/naturogmad.dk\/index.php\/wp-json\/wp\/v2\/users\/1"}],"replies":[{"embeddable":true,"href":"https:\/\/naturogmad.dk\/index.php\/wp-json\/wp\/v2\/comments?post=1387"}],"version-history":[{"count":0,"href":"https:\/\/naturogmad.dk\/index.php\/wp-json\/wp\/v2\/pages\/1387\/revisions"}],"up":[{"embeddable":true,"href":"https:\/\/naturogmad.dk\/index.php\/wp-json\/wp\/v2\/pages\/593"}],"wp:featuredmedia":[{"embeddable":true,"href":"https:\/\/naturogmad.dk\/index.php\/wp-json\/wp\/v2\/media\/1388"}],"wp:attachment":[{"href":"https:\/\/naturogmad.dk\/index.php\/wp-json\/wp\/v2\/media?parent=1387"}],"curies":[{"name":"wp","href":"https:\/\/api.w.org\/{rel}","templated":true}]}}