{"id":1344,"date":"2026-03-08T08:32:42","date_gmt":"2026-03-08T07:32:42","guid":{"rendered":"https:\/\/naturogmad.dk\/?page_id=1344"},"modified":"2026-03-08T08:41:27","modified_gmt":"2026-03-08T07:41:27","slug":"vilde-bier-i-danmark","status":"publish","type":"page","link":"https:\/\/naturogmad.dk\/index.php\/danmarks-dyreliv\/vilde-bier-i-danmark\/","title":{"rendered":"Vilde bier i Danmark"},"content":{"rendered":"<p>Vilde bier i Danmark er en mangfoldig og grundl\u00e6ggende del af \u00f8kosystemet, som ofte bliver overset i hverdagslivet.<\/p>\n<p>Disse sm\u00e5 pollinatorer er n\u00f8glen til frugter, gr\u00f8ntsager og blomstrende landskaber, og deres livsvilk\u00e5r h\u00e6nger t\u00e6t sammen med, hvordan vi behandler natur og byomr\u00e5de<\/p>\n<h2>Hvorfor er Vilde Bier i Danmark vigtige<\/h2>\n<p>Vilde bier i Danmark spiller en central rolle i \u00f8kosystemets sundhed og stabilitet. Uden dem ville mange afgr\u00f8der og vilde planter have betydeligt mindre frugtbarhed, hvilket kunne p\u00e5virke alt fra f\u00f8devareforsyning til biodiversitet og landskabet som helhed.<\/p>\n<p>Uden vilde bier ville mange vilde planter have sv\u00e6rt ved at s\u00e6tte fr\u00f8, og avgr\u00f8der som frugt, b\u00e6r og gr\u00f8ntsager kunne f\u00e5 reduceret udbyttet. <\/p>\n<p>Desuden er flere vilde bier specialiserede til bestemte blomsterarter, hvilket st\u00f8tter biodiversitet ved at vedligeholde en bred vifte af blomster og hvide plantearter i \u00f8kosystemet. <\/p>\n<p>F\u00f8demangel er kritisk for bierne, da den sv\u00e6kker deres vitalitet og g\u00f8r dem mere modtagelige og s\u00e5rbare over for sygdomme og pesticider. Dette vil f\u00f8re til en d\u00e5rligere best\u00f8vning, som i sidste ende kan reducere landbrugets produktion og de vilde planters udbredelse. <\/p>\n<p>Alle bier har behov for nektar og pollen. Nektaren forsyner bierne med kulhydrater, som bruges til at d\u00e6kke biernes energibehov. Pollen d\u00e6kker behovet for protein, fedt, vitaminer og mineralstoffer.<\/p>\n<p>Vi kan derfor g\u00f8re bierne og os selv en stor tjeneste ved at sikre flest mulige bivenlige blomster i naturen og haven.<\/p>\n<p>Du kan l\u00e6se mere om de vilde bier i danmark <a href=\"https:\/\/vildebier.dk\/\">her<\/a><\/p>\n","protected":false},"excerpt":{"rendered":"<p>Vilde bier i Danmark er en mangfoldig og grundl\u00e6ggende del af \u00f8kosystemet, som ofte bliver overset i hverdagslivet. Disse sm\u00e5 pollinatorer er n\u00f8glen til frugter, gr\u00f8ntsager og blomstrende landskaber, og&hellip;<\/p>\n","protected":false},"author":1,"featured_media":1345,"parent":593,"menu_order":0,"comment_status":"closed","ping_status":"closed","template":"","meta":{"footnotes":""},"class_list":["post-1344","page","type-page","status-publish","has-post-thumbnail","hentry"],"yoast_head":"<!-- This site is optimized with the Yoast SEO Premium plugin v27.4 (Yoast SEO v27.4) - https:\/\/yoast.com\/product\/yoast-seo-premium-wordpress\/ -->\n<title>Vilde bier i Danmark - Natur og mad<\/title>\n<meta name=\"description\" content=\"Vilde bier i Danmark er en mangfoldig og grundl\u00e6ggende del af \u00f8kosystemet, som ofte bliver overset i hverdagslivet.\" \/>\n<meta name=\"robots\" content=\"index, follow, max-snippet:-1, max-image-preview:large, max-video-preview:-1\" \/>\n<link rel=\"canonical\" href=\"https:\/\/naturogmad.dk\/index.php\/danmarks-dyreliv\/vilde-bier-i-danmark\/\" \/>\n<meta property=\"og:locale\" content=\"da_DK\" \/>\n<meta property=\"og:type\" content=\"article\" \/>\n<meta property=\"og:title\" content=\"Vilde bier i Danmark\" \/>\n<meta property=\"og:description\" content=\"Vilde bier i Danmark er en mangfoldig og grundl\u00e6ggende del af \u00f8kosystemet, som ofte bliver overset i hverdagslivet.\" \/>\n<meta property=\"og:url\" content=\"https:\/\/naturogmad.dk\/index.php\/danmarks-dyreliv\/vilde-bier-i-danmark\/\" \/>\n<meta property=\"og:site_name\" content=\"Natur og mad\" \/>\n<meta property=\"article:modified_time\" content=\"2026-03-08T07:41:27+00:00\" \/>\n<meta property=\"og:image\" content=\"https:\/\/naturogmad.dk\/wp-content\/uploads\/2026\/03\/Vild_bi_1.webp\" \/>\n\t<meta property=\"og:image:width\" content=\"1600\" \/>\n\t<meta property=\"og:image:height\" content=\"575\" \/>\n\t<meta property=\"og:image:type\" content=\"image\/webp\" \/>\n<meta name=\"twitter:card\" content=\"summary_large_image\" \/>\n<meta name=\"twitter:label1\" content=\"Estimeret l\u00e6setid\" \/>\n\t<meta name=\"twitter:data1\" content=\"2 minutter\" \/>\n<script type=\"application\/ld+json\" class=\"yoast-schema-graph\">{\"@context\":\"https:\\\/\\\/schema.org\",\"@graph\":[{\"@type\":\"WebPage\",\"@id\":\"https:\\\/\\\/naturogmad.dk\\\/index.php\\\/danmarks-dyreliv\\\/vilde-bier-i-danmark\\\/\",\"url\":\"https:\\\/\\\/naturogmad.dk\\\/index.php\\\/danmarks-dyreliv\\\/vilde-bier-i-danmark\\\/\",\"name\":\"Vilde bier i Danmark - Natur og mad\",\"isPartOf\":{\"@id\":\"https:\\\/\\\/naturogmad.dk\\\/#website\"},\"primaryImageOfPage\":{\"@id\":\"https:\\\/\\\/naturogmad.dk\\\/index.php\\\/danmarks-dyreliv\\\/vilde-bier-i-danmark\\\/#primaryimage\"},\"image\":{\"@id\":\"https:\\\/\\\/naturogmad.dk\\\/index.php\\\/danmarks-dyreliv\\\/vilde-bier-i-danmark\\\/#primaryimage\"},\"thumbnailUrl\":\"https:\\\/\\\/naturogmad.dk\\\/wp-content\\\/uploads\\\/2026\\\/03\\\/Vild_bi_1.webp\",\"datePublished\":\"2026-03-08T07:32:42+00:00\",\"dateModified\":\"2026-03-08T07:41:27+00:00\",\"description\":\"Vilde bier i Danmark er en mangfoldig og grundl\u00e6ggende del af \u00f8kosystemet, som ofte bliver overset i hverdagslivet.\",\"breadcrumb\":{\"@id\":\"https:\\\/\\\/naturogmad.dk\\\/index.php\\\/danmarks-dyreliv\\\/vilde-bier-i-danmark\\\/#breadcrumb\"},\"inLanguage\":\"da-DK\",\"potentialAction\":[{\"@type\":\"ReadAction\",\"target\":[\"https:\\\/\\\/naturogmad.dk\\\/index.php\\\/danmarks-dyreliv\\\/vilde-bier-i-danmark\\\/\"]}]},{\"@type\":\"ImageObject\",\"inLanguage\":\"da-DK\",\"@id\":\"https:\\\/\\\/naturogmad.dk\\\/index.php\\\/danmarks-dyreliv\\\/vilde-bier-i-danmark\\\/#primaryimage\",\"url\":\"https:\\\/\\\/naturogmad.dk\\\/wp-content\\\/uploads\\\/2026\\\/03\\\/Vild_bi_1.webp\",\"contentUrl\":\"https:\\\/\\\/naturogmad.dk\\\/wp-content\\\/uploads\\\/2026\\\/03\\\/Vild_bi_1.webp\",\"width\":1600,\"height\":575,\"caption\":\"vilde bier\"},{\"@type\":\"BreadcrumbList\",\"@id\":\"https:\\\/\\\/naturogmad.dk\\\/index.php\\\/danmarks-dyreliv\\\/vilde-bier-i-danmark\\\/#breadcrumb\",\"itemListElement\":[{\"@type\":\"ListItem\",\"position\":1,\"name\":\"Home\",\"item\":\"https:\\\/\\\/naturogmad.dk\\\/\"},{\"@type\":\"ListItem\",\"position\":2,\"name\":\"Danmarks dyreliv\",\"item\":\"https:\\\/\\\/naturogmad.dk\\\/index.php\\\/danmarks-dyreliv\\\/\"},{\"@type\":\"ListItem\",\"position\":3,\"name\":\"Vilde bier i Danmark\"}]},{\"@type\":\"WebSite\",\"@id\":\"https:\\\/\\\/naturogmad.dk\\\/#website\",\"url\":\"https:\\\/\\\/naturogmad.dk\\\/\",\"name\":\"Natur og mad\",\"description\":\"natur milj\u00f8 biodiversitet landbrug dyrevelf\u00e6rd mad\",\"publisher\":{\"@id\":\"https:\\\/\\\/naturogmad.dk\\\/#organization\"},\"potentialAction\":[{\"@type\":\"SearchAction\",\"target\":{\"@type\":\"EntryPoint\",\"urlTemplate\":\"https:\\\/\\\/naturogmad.dk\\\/?s={search_term_string}\"},\"query-input\":{\"@type\":\"PropertyValueSpecification\",\"valueRequired\":true,\"valueName\":\"search_term_string\"}}],\"inLanguage\":\"da-DK\"},{\"@type\":[\"Organization\",\"Place\"],\"@id\":\"https:\\\/\\\/naturogmad.dk\\\/#organization\",\"name\":\"Natur og mad\",\"url\":\"https:\\\/\\\/naturogmad.dk\\\/\",\"logo\":{\"@id\":\"https:\\\/\\\/naturogmad.dk\\\/index.php\\\/danmarks-dyreliv\\\/vilde-bier-i-danmark\\\/#local-main-organization-logo\"},\"image\":{\"@id\":\"https:\\\/\\\/naturogmad.dk\\\/index.php\\\/danmarks-dyreliv\\\/vilde-bier-i-danmark\\\/#local-main-organization-logo\"},\"numberOfEmployees\":{\"@type\":\"QuantitativeValue\",\"minValue\":\"1\",\"maxValue\":\"10\"},\"telephone\":[],\"openingHoursSpecification\":[{\"@type\":\"OpeningHoursSpecification\",\"dayOfWeek\":[\"Monday\",\"Tuesday\",\"Wednesday\",\"Thursday\",\"Friday\",\"Saturday\",\"Sunday\"],\"opens\":\"09:00\",\"closes\":\"17:00\"}]},{\"@type\":\"ImageObject\",\"inLanguage\":\"da-DK\",\"@id\":\"https:\\\/\\\/naturogmad.dk\\\/index.php\\\/danmarks-dyreliv\\\/vilde-bier-i-danmark\\\/#local-main-organization-logo\",\"url\":\"https:\\\/\\\/naturogmad.dk\\\/wp-content\\\/uploads\\\/2026\\\/02\\\/cropped-ikon.webp\",\"contentUrl\":\"https:\\\/\\\/naturogmad.dk\\\/wp-content\\\/uploads\\\/2026\\\/02\\\/cropped-ikon.webp\",\"width\":512,\"height\":512,\"caption\":\"Natur og mad\"}]}<\/script>\n<!-- \/ Yoast SEO Premium plugin. -->","yoast_head_json":{"title":"Vilde bier i Danmark - Natur og mad","description":"Vilde bier i Danmark er en mangfoldig og grundl\u00e6ggende del af \u00f8kosystemet, som ofte bliver overset i hverdagslivet.","robots":{"index":"index","follow":"follow","max-snippet":"max-snippet:-1","max-image-preview":"max-image-preview:large","max-video-preview":"max-video-preview:-1"},"canonical":"https:\/\/naturogmad.dk\/index.php\/danmarks-dyreliv\/vilde-bier-i-danmark\/","og_locale":"da_DK","og_type":"article","og_title":"Vilde bier i Danmark","og_description":"Vilde bier i Danmark er en mangfoldig og grundl\u00e6ggende del af \u00f8kosystemet, som ofte bliver overset i hverdagslivet.","og_url":"https:\/\/naturogmad.dk\/index.php\/danmarks-dyreliv\/vilde-bier-i-danmark\/","og_site_name":"Natur og mad","article_modified_time":"2026-03-08T07:41:27+00:00","og_image":[{"width":1600,"height":575,"url":"https:\/\/naturogmad.dk\/wp-content\/uploads\/2026\/03\/Vild_bi_1.webp","type":"image\/webp"}],"twitter_card":"summary_large_image","twitter_misc":{"Estimeret l\u00e6setid":"2 minutter"},"schema":{"@context":"https:\/\/schema.org","@graph":[{"@type":"WebPage","@id":"https:\/\/naturogmad.dk\/index.php\/danmarks-dyreliv\/vilde-bier-i-danmark\/","url":"https:\/\/naturogmad.dk\/index.php\/danmarks-dyreliv\/vilde-bier-i-danmark\/","name":"Vilde bier i Danmark - Natur og mad","isPartOf":{"@id":"https:\/\/naturogmad.dk\/#website"},"primaryImageOfPage":{"@id":"https:\/\/naturogmad.dk\/index.php\/danmarks-dyreliv\/vilde-bier-i-danmark\/#primaryimage"},"image":{"@id":"https:\/\/naturogmad.dk\/index.php\/danmarks-dyreliv\/vilde-bier-i-danmark\/#primaryimage"},"thumbnailUrl":"https:\/\/naturogmad.dk\/wp-content\/uploads\/2026\/03\/Vild_bi_1.webp","datePublished":"2026-03-08T07:32:42+00:00","dateModified":"2026-03-08T07:41:27+00:00","description":"Vilde bier i Danmark er en mangfoldig og grundl\u00e6ggende del af \u00f8kosystemet, som ofte bliver overset i hverdagslivet.","breadcrumb":{"@id":"https:\/\/naturogmad.dk\/index.php\/danmarks-dyreliv\/vilde-bier-i-danmark\/#breadcrumb"},"inLanguage":"da-DK","potentialAction":[{"@type":"ReadAction","target":["https:\/\/naturogmad.dk\/index.php\/danmarks-dyreliv\/vilde-bier-i-danmark\/"]}]},{"@type":"ImageObject","inLanguage":"da-DK","@id":"https:\/\/naturogmad.dk\/index.php\/danmarks-dyreliv\/vilde-bier-i-danmark\/#primaryimage","url":"https:\/\/naturogmad.dk\/wp-content\/uploads\/2026\/03\/Vild_bi_1.webp","contentUrl":"https:\/\/naturogmad.dk\/wp-content\/uploads\/2026\/03\/Vild_bi_1.webp","width":1600,"height":575,"caption":"vilde bier"},{"@type":"BreadcrumbList","@id":"https:\/\/naturogmad.dk\/index.php\/danmarks-dyreliv\/vilde-bier-i-danmark\/#breadcrumb","itemListElement":[{"@type":"ListItem","position":1,"name":"Home","item":"https:\/\/naturogmad.dk\/"},{"@type":"ListItem","position":2,"name":"Danmarks dyreliv","item":"https:\/\/naturogmad.dk\/index.php\/danmarks-dyreliv\/"},{"@type":"ListItem","position":3,"name":"Vilde bier i Danmark"}]},{"@type":"WebSite","@id":"https:\/\/naturogmad.dk\/#website","url":"https:\/\/naturogmad.dk\/","name":"Natur og mad","description":"natur milj\u00f8 biodiversitet landbrug dyrevelf\u00e6rd mad","publisher":{"@id":"https:\/\/naturogmad.dk\/#organization"},"potentialAction":[{"@type":"SearchAction","target":{"@type":"EntryPoint","urlTemplate":"https:\/\/naturogmad.dk\/?s={search_term_string}"},"query-input":{"@type":"PropertyValueSpecification","valueRequired":true,"valueName":"search_term_string"}}],"inLanguage":"da-DK"},{"@type":["Organization","Place"],"@id":"https:\/\/naturogmad.dk\/#organization","name":"Natur og mad","url":"https:\/\/naturogmad.dk\/","logo":{"@id":"https:\/\/naturogmad.dk\/index.php\/danmarks-dyreliv\/vilde-bier-i-danmark\/#local-main-organization-logo"},"image":{"@id":"https:\/\/naturogmad.dk\/index.php\/danmarks-dyreliv\/vilde-bier-i-danmark\/#local-main-organization-logo"},"numberOfEmployees":{"@type":"QuantitativeValue","minValue":"1","maxValue":"10"},"telephone":[],"openingHoursSpecification":[{"@type":"OpeningHoursSpecification","dayOfWeek":["Monday","Tuesday","Wednesday","Thursday","Friday","Saturday","Sunday"],"opens":"09:00","closes":"17:00"}]},{"@type":"ImageObject","inLanguage":"da-DK","@id":"https:\/\/naturogmad.dk\/index.php\/danmarks-dyreliv\/vilde-bier-i-danmark\/#local-main-organization-logo","url":"https:\/\/naturogmad.dk\/wp-content\/uploads\/2026\/02\/cropped-ikon.webp","contentUrl":"https:\/\/naturogmad.dk\/wp-content\/uploads\/2026\/02\/cropped-ikon.webp","width":512,"height":512,"caption":"Natur og mad"}]}},"_links":{"self":[{"href":"https:\/\/naturogmad.dk\/index.php\/wp-json\/wp\/v2\/pages\/1344","targetHints":{"allow":["GET"]}}],"collection":[{"href":"https:\/\/naturogmad.dk\/index.php\/wp-json\/wp\/v2\/pages"}],"about":[{"href":"https:\/\/naturogmad.dk\/index.php\/wp-json\/wp\/v2\/types\/page"}],"author":[{"embeddable":true,"href":"https:\/\/naturogmad.dk\/index.php\/wp-json\/wp\/v2\/users\/1"}],"replies":[{"embeddable":true,"href":"https:\/\/naturogmad.dk\/index.php\/wp-json\/wp\/v2\/comments?post=1344"}],"version-history":[{"count":0,"href":"https:\/\/naturogmad.dk\/index.php\/wp-json\/wp\/v2\/pages\/1344\/revisions"}],"up":[{"embeddable":true,"href":"https:\/\/naturogmad.dk\/index.php\/wp-json\/wp\/v2\/pages\/593"}],"wp:featuredmedia":[{"embeddable":true,"href":"https:\/\/naturogmad.dk\/index.php\/wp-json\/wp\/v2\/media\/1345"}],"wp:attachment":[{"href":"https:\/\/naturogmad.dk\/index.php\/wp-json\/wp\/v2\/media?parent=1344"}],"curies":[{"name":"wp","href":"https:\/\/api.w.org\/{rel}","templated":true}]}}