{"id":1318,"date":"2026-03-06T19:55:34","date_gmt":"2026-03-06T18:55:34","guid":{"rendered":"https:\/\/naturogmad.dk\/?page_id=1318"},"modified":"2026-03-12T17:42:34","modified_gmt":"2026-03-12T16:42:34","slug":"haettemaage","status":"publish","type":"page","link":"https:\/\/naturogmad.dk\/index.php\/danmarks-dyreliv\/haettemaage\/","title":{"rendered":"H\u00e6ttem\u00e5ge"},"content":{"rendered":"<p>H\u00e6ttem\u00e5gen (<em>latin: Chroicocephalus ridibundus<\/em>) er Danmarks mest almindelige m\u00e5ge. Den er endvidere udbredt i resten af Europa, Asien og i kystegne i det \u00f8stlige Canada. <\/p>\n<p>Hovedparten af bestanden er tr\u00e6kfugle, der tr\u00e6kker mod syd om vinteren, men en del af h\u00e6ttem\u00e5gerne er dog standfugle. De danske h\u00e6ttem\u00e5ger tr\u00e6kker i juli typisk til Vesteuropa (enkelte helt til Nordafrika) for at f\u00e6lde og overvintre.<\/p>\n<p>H\u00e6ttem\u00e5gen yngler i kolonier i s\u00f8er og moser eller p\u00e5 sm\u00e5holme ved kysten. Herudover tr\u00e6ffes de ogs\u00e5 i f.eks. byomr\u00e5der og p\u00e5 marker og enge, n\u00e5r yngletiden er overst\u00e5et. Den er regnet som en truet art p\u00e5 den danske <a href=\"https:\/\/ecos.au.dk\/forskningraadgivning\/temasider\/redlist\" target=\"_blank\">r\u00f8dliste 2019<\/a>.<\/p>\n<h2>Udseende<\/h2>\n<p>H\u00e6ttem\u00e5gen er 38 centimeter fra n\u00e6b til halespids og dermed en lille m\u00e5ge. Den har f\u00e5et sit navn efter sin karakteristiske chokoladebrune h\u00e6tte. H\u00e6tten har den dog alene om sommeren (yngledragt). Om vinteren er hovedet hvidt med en sort prik ved \u00f8ret. Overgangen fra vinterdragten til sommerdragten sker gradvist, startende fra slutningen af februar. <\/p>\n<p>Kildehenvisning:<\/p>\n<p>\u201cH\u00e6ttem\u00e5ge\u201d<br \/>\nwikipedia.org<br \/>\n<a href=\"https:\/\/da.wikipedia.org\/wiki\/H%C3%A6ttem%C3%A5ge\" target=\"_blank\">https:\/\/da.wikipedia.org\/wiki\/H%C3%A6ttem%C3%A5ge<\/a><\/p>\n","protected":false},"excerpt":{"rendered":"<p>H\u00e6ttem\u00e5gen (latin: Chroicocephalus ridibundus) er Danmarks mest almindelige m\u00e5ge. Den er endvidere udbredt i resten af Europa, Asien og i kystegne i det \u00f8stlige Canada. Hovedparten af bestanden er tr\u00e6kfugle,&hellip;<\/p>\n","protected":false},"author":1,"featured_media":1319,"parent":593,"menu_order":0,"comment_status":"closed","ping_status":"closed","template":"","meta":{"footnotes":""},"class_list":["post-1318","page","type-page","status-publish","has-post-thumbnail","hentry"],"yoast_head":"<!-- This site is optimized with the Yoast SEO Premium plugin v27.4 (Yoast SEO v27.4) - https:\/\/yoast.com\/product\/yoast-seo-premium-wordpress\/ -->\n<title>H\u00e6ttem\u00e5ge - Natur og mad<\/title>\n<meta name=\"description\" content=\"H\u00e6ttem\u00e5gen (latin: Chroicocephalus ridibundus) er Danmarks mest almindelige m\u00e5ge. Den er endvidere udbredt i resten af Europa\" \/>\n<meta name=\"robots\" content=\"index, follow, max-snippet:-1, max-image-preview:large, max-video-preview:-1\" \/>\n<link rel=\"canonical\" href=\"https:\/\/naturogmad.dk\/index.php\/danmarks-dyreliv\/haettemaage\/\" \/>\n<meta property=\"og:locale\" content=\"da_DK\" \/>\n<meta property=\"og:type\" content=\"article\" \/>\n<meta property=\"og:title\" content=\"H\u00e6ttem\u00e5ge\" \/>\n<meta property=\"og:description\" content=\"H\u00e6ttem\u00e5gen (latin: Chroicocephalus ridibundus) er Danmarks mest almindelige m\u00e5ge. Den er endvidere udbredt i resten af Europa\" \/>\n<meta property=\"og:url\" content=\"https:\/\/naturogmad.dk\/index.php\/danmarks-dyreliv\/haettemaage\/\" \/>\n<meta property=\"og:site_name\" content=\"Natur og mad\" \/>\n<meta property=\"article:modified_time\" content=\"2026-03-12T16:42:34+00:00\" \/>\n<meta property=\"og:image\" content=\"https:\/\/naturogmad.dk\/wp-content\/uploads\/2026\/03\/Haettemaage_1.webp\" \/>\n\t<meta property=\"og:image:width\" content=\"1600\" \/>\n\t<meta property=\"og:image:height\" content=\"575\" \/>\n\t<meta property=\"og:image:type\" content=\"image\/webp\" \/>\n<meta name=\"twitter:card\" content=\"summary_large_image\" \/>\n<meta name=\"twitter:label1\" content=\"Estimeret l\u00e6setid\" \/>\n\t<meta name=\"twitter:data1\" content=\"2 minutter\" \/>\n<script type=\"application\/ld+json\" class=\"yoast-schema-graph\">{\"@context\":\"https:\\\/\\\/schema.org\",\"@graph\":[{\"@type\":\"WebPage\",\"@id\":\"https:\\\/\\\/naturogmad.dk\\\/index.php\\\/danmarks-dyreliv\\\/haettemaage\\\/\",\"url\":\"https:\\\/\\\/naturogmad.dk\\\/index.php\\\/danmarks-dyreliv\\\/haettemaage\\\/\",\"name\":\"H\u00e6ttem\u00e5ge - Natur og mad\",\"isPartOf\":{\"@id\":\"https:\\\/\\\/naturogmad.dk\\\/#website\"},\"primaryImageOfPage\":{\"@id\":\"https:\\\/\\\/naturogmad.dk\\\/index.php\\\/danmarks-dyreliv\\\/haettemaage\\\/#primaryimage\"},\"image\":{\"@id\":\"https:\\\/\\\/naturogmad.dk\\\/index.php\\\/danmarks-dyreliv\\\/haettemaage\\\/#primaryimage\"},\"thumbnailUrl\":\"https:\\\/\\\/naturogmad.dk\\\/wp-content\\\/uploads\\\/2026\\\/03\\\/Haettemaage_1.webp\",\"datePublished\":\"2026-03-06T18:55:34+00:00\",\"dateModified\":\"2026-03-12T16:42:34+00:00\",\"description\":\"H\u00e6ttem\u00e5gen (latin: Chroicocephalus ridibundus) er Danmarks mest almindelige m\u00e5ge. Den er endvidere udbredt i resten af Europa\",\"breadcrumb\":{\"@id\":\"https:\\\/\\\/naturogmad.dk\\\/index.php\\\/danmarks-dyreliv\\\/haettemaage\\\/#breadcrumb\"},\"inLanguage\":\"da-DK\",\"potentialAction\":[{\"@type\":\"ReadAction\",\"target\":[\"https:\\\/\\\/naturogmad.dk\\\/index.php\\\/danmarks-dyreliv\\\/haettemaage\\\/\"]}]},{\"@type\":\"ImageObject\",\"inLanguage\":\"da-DK\",\"@id\":\"https:\\\/\\\/naturogmad.dk\\\/index.php\\\/danmarks-dyreliv\\\/haettemaage\\\/#primaryimage\",\"url\":\"https:\\\/\\\/naturogmad.dk\\\/wp-content\\\/uploads\\\/2026\\\/03\\\/Haettemaage_1.webp\",\"contentUrl\":\"https:\\\/\\\/naturogmad.dk\\\/wp-content\\\/uploads\\\/2026\\\/03\\\/Haettemaage_1.webp\",\"width\":1600,\"height\":575},{\"@type\":\"BreadcrumbList\",\"@id\":\"https:\\\/\\\/naturogmad.dk\\\/index.php\\\/danmarks-dyreliv\\\/haettemaage\\\/#breadcrumb\",\"itemListElement\":[{\"@type\":\"ListItem\",\"position\":1,\"name\":\"Home\",\"item\":\"https:\\\/\\\/naturogmad.dk\\\/\"},{\"@type\":\"ListItem\",\"position\":2,\"name\":\"Danmarks dyreliv\",\"item\":\"https:\\\/\\\/naturogmad.dk\\\/index.php\\\/danmarks-dyreliv\\\/\"},{\"@type\":\"ListItem\",\"position\":3,\"name\":\"H\u00e6ttem\u00e5ge\"}]},{\"@type\":\"WebSite\",\"@id\":\"https:\\\/\\\/naturogmad.dk\\\/#website\",\"url\":\"https:\\\/\\\/naturogmad.dk\\\/\",\"name\":\"Natur og mad\",\"description\":\"natur milj\u00f8 biodiversitet landbrug dyrevelf\u00e6rd mad\",\"publisher\":{\"@id\":\"https:\\\/\\\/naturogmad.dk\\\/#organization\"},\"potentialAction\":[{\"@type\":\"SearchAction\",\"target\":{\"@type\":\"EntryPoint\",\"urlTemplate\":\"https:\\\/\\\/naturogmad.dk\\\/?s={search_term_string}\"},\"query-input\":{\"@type\":\"PropertyValueSpecification\",\"valueRequired\":true,\"valueName\":\"search_term_string\"}}],\"inLanguage\":\"da-DK\"},{\"@type\":[\"Organization\",\"Place\"],\"@id\":\"https:\\\/\\\/naturogmad.dk\\\/#organization\",\"name\":\"Natur og mad\",\"url\":\"https:\\\/\\\/naturogmad.dk\\\/\",\"logo\":{\"@id\":\"https:\\\/\\\/naturogmad.dk\\\/index.php\\\/danmarks-dyreliv\\\/haettemaage\\\/#local-main-organization-logo\"},\"image\":{\"@id\":\"https:\\\/\\\/naturogmad.dk\\\/index.php\\\/danmarks-dyreliv\\\/haettemaage\\\/#local-main-organization-logo\"},\"numberOfEmployees\":{\"@type\":\"QuantitativeValue\",\"minValue\":\"1\",\"maxValue\":\"10\"},\"telephone\":[],\"openingHoursSpecification\":[{\"@type\":\"OpeningHoursSpecification\",\"dayOfWeek\":[\"Monday\",\"Tuesday\",\"Wednesday\",\"Thursday\",\"Friday\",\"Saturday\",\"Sunday\"],\"opens\":\"09:00\",\"closes\":\"17:00\"}]},{\"@type\":\"ImageObject\",\"inLanguage\":\"da-DK\",\"@id\":\"https:\\\/\\\/naturogmad.dk\\\/index.php\\\/danmarks-dyreliv\\\/haettemaage\\\/#local-main-organization-logo\",\"url\":\"https:\\\/\\\/naturogmad.dk\\\/wp-content\\\/uploads\\\/2026\\\/02\\\/cropped-ikon.webp\",\"contentUrl\":\"https:\\\/\\\/naturogmad.dk\\\/wp-content\\\/uploads\\\/2026\\\/02\\\/cropped-ikon.webp\",\"width\":512,\"height\":512,\"caption\":\"Natur og mad\"}]}<\/script>\n<!-- \/ Yoast SEO Premium plugin. -->","yoast_head_json":{"title":"H\u00e6ttem\u00e5ge - Natur og mad","description":"H\u00e6ttem\u00e5gen (latin: Chroicocephalus ridibundus) er Danmarks mest almindelige m\u00e5ge. Den er endvidere udbredt i resten af Europa","robots":{"index":"index","follow":"follow","max-snippet":"max-snippet:-1","max-image-preview":"max-image-preview:large","max-video-preview":"max-video-preview:-1"},"canonical":"https:\/\/naturogmad.dk\/index.php\/danmarks-dyreliv\/haettemaage\/","og_locale":"da_DK","og_type":"article","og_title":"H\u00e6ttem\u00e5ge","og_description":"H\u00e6ttem\u00e5gen (latin: Chroicocephalus ridibundus) er Danmarks mest almindelige m\u00e5ge. Den er endvidere udbredt i resten af Europa","og_url":"https:\/\/naturogmad.dk\/index.php\/danmarks-dyreliv\/haettemaage\/","og_site_name":"Natur og mad","article_modified_time":"2026-03-12T16:42:34+00:00","og_image":[{"width":1600,"height":575,"url":"https:\/\/naturogmad.dk\/wp-content\/uploads\/2026\/03\/Haettemaage_1.webp","type":"image\/webp"}],"twitter_card":"summary_large_image","twitter_misc":{"Estimeret l\u00e6setid":"2 minutter"},"schema":{"@context":"https:\/\/schema.org","@graph":[{"@type":"WebPage","@id":"https:\/\/naturogmad.dk\/index.php\/danmarks-dyreliv\/haettemaage\/","url":"https:\/\/naturogmad.dk\/index.php\/danmarks-dyreliv\/haettemaage\/","name":"H\u00e6ttem\u00e5ge - Natur og mad","isPartOf":{"@id":"https:\/\/naturogmad.dk\/#website"},"primaryImageOfPage":{"@id":"https:\/\/naturogmad.dk\/index.php\/danmarks-dyreliv\/haettemaage\/#primaryimage"},"image":{"@id":"https:\/\/naturogmad.dk\/index.php\/danmarks-dyreliv\/haettemaage\/#primaryimage"},"thumbnailUrl":"https:\/\/naturogmad.dk\/wp-content\/uploads\/2026\/03\/Haettemaage_1.webp","datePublished":"2026-03-06T18:55:34+00:00","dateModified":"2026-03-12T16:42:34+00:00","description":"H\u00e6ttem\u00e5gen (latin: Chroicocephalus ridibundus) er Danmarks mest almindelige m\u00e5ge. Den er endvidere udbredt i resten af Europa","breadcrumb":{"@id":"https:\/\/naturogmad.dk\/index.php\/danmarks-dyreliv\/haettemaage\/#breadcrumb"},"inLanguage":"da-DK","potentialAction":[{"@type":"ReadAction","target":["https:\/\/naturogmad.dk\/index.php\/danmarks-dyreliv\/haettemaage\/"]}]},{"@type":"ImageObject","inLanguage":"da-DK","@id":"https:\/\/naturogmad.dk\/index.php\/danmarks-dyreliv\/haettemaage\/#primaryimage","url":"https:\/\/naturogmad.dk\/wp-content\/uploads\/2026\/03\/Haettemaage_1.webp","contentUrl":"https:\/\/naturogmad.dk\/wp-content\/uploads\/2026\/03\/Haettemaage_1.webp","width":1600,"height":575},{"@type":"BreadcrumbList","@id":"https:\/\/naturogmad.dk\/index.php\/danmarks-dyreliv\/haettemaage\/#breadcrumb","itemListElement":[{"@type":"ListItem","position":1,"name":"Home","item":"https:\/\/naturogmad.dk\/"},{"@type":"ListItem","position":2,"name":"Danmarks dyreliv","item":"https:\/\/naturogmad.dk\/index.php\/danmarks-dyreliv\/"},{"@type":"ListItem","position":3,"name":"H\u00e6ttem\u00e5ge"}]},{"@type":"WebSite","@id":"https:\/\/naturogmad.dk\/#website","url":"https:\/\/naturogmad.dk\/","name":"Natur og mad","description":"natur milj\u00f8 biodiversitet landbrug dyrevelf\u00e6rd mad","publisher":{"@id":"https:\/\/naturogmad.dk\/#organization"},"potentialAction":[{"@type":"SearchAction","target":{"@type":"EntryPoint","urlTemplate":"https:\/\/naturogmad.dk\/?s={search_term_string}"},"query-input":{"@type":"PropertyValueSpecification","valueRequired":true,"valueName":"search_term_string"}}],"inLanguage":"da-DK"},{"@type":["Organization","Place"],"@id":"https:\/\/naturogmad.dk\/#organization","name":"Natur og mad","url":"https:\/\/naturogmad.dk\/","logo":{"@id":"https:\/\/naturogmad.dk\/index.php\/danmarks-dyreliv\/haettemaage\/#local-main-organization-logo"},"image":{"@id":"https:\/\/naturogmad.dk\/index.php\/danmarks-dyreliv\/haettemaage\/#local-main-organization-logo"},"numberOfEmployees":{"@type":"QuantitativeValue","minValue":"1","maxValue":"10"},"telephone":[],"openingHoursSpecification":[{"@type":"OpeningHoursSpecification","dayOfWeek":["Monday","Tuesday","Wednesday","Thursday","Friday","Saturday","Sunday"],"opens":"09:00","closes":"17:00"}]},{"@type":"ImageObject","inLanguage":"da-DK","@id":"https:\/\/naturogmad.dk\/index.php\/danmarks-dyreliv\/haettemaage\/#local-main-organization-logo","url":"https:\/\/naturogmad.dk\/wp-content\/uploads\/2026\/02\/cropped-ikon.webp","contentUrl":"https:\/\/naturogmad.dk\/wp-content\/uploads\/2026\/02\/cropped-ikon.webp","width":512,"height":512,"caption":"Natur og mad"}]}},"_links":{"self":[{"href":"https:\/\/naturogmad.dk\/index.php\/wp-json\/wp\/v2\/pages\/1318","targetHints":{"allow":["GET"]}}],"collection":[{"href":"https:\/\/naturogmad.dk\/index.php\/wp-json\/wp\/v2\/pages"}],"about":[{"href":"https:\/\/naturogmad.dk\/index.php\/wp-json\/wp\/v2\/types\/page"}],"author":[{"embeddable":true,"href":"https:\/\/naturogmad.dk\/index.php\/wp-json\/wp\/v2\/users\/1"}],"replies":[{"embeddable":true,"href":"https:\/\/naturogmad.dk\/index.php\/wp-json\/wp\/v2\/comments?post=1318"}],"version-history":[{"count":0,"href":"https:\/\/naturogmad.dk\/index.php\/wp-json\/wp\/v2\/pages\/1318\/revisions"}],"up":[{"embeddable":true,"href":"https:\/\/naturogmad.dk\/index.php\/wp-json\/wp\/v2\/pages\/593"}],"wp:featuredmedia":[{"embeddable":true,"href":"https:\/\/naturogmad.dk\/index.php\/wp-json\/wp\/v2\/media\/1319"}],"wp:attachment":[{"href":"https:\/\/naturogmad.dk\/index.php\/wp-json\/wp\/v2\/media?parent=1318"}],"curies":[{"name":"wp","href":"https:\/\/api.w.org\/{rel}","templated":true}]}}