{"id":1291,"date":"2026-03-06T13:16:12","date_gmt":"2026-03-06T12:16:12","guid":{"rendered":"https:\/\/naturogmad.dk\/?page_id=1291"},"modified":"2026-03-06T13:22:40","modified_gmt":"2026-03-06T12:22:40","slug":"groennestrand","status":"publish","type":"page","link":"https:\/\/naturogmad.dk\/index.php\/ud-i-naturen\/groennestrand\/","title":{"rendered":"Gr\u00f8nnestrand"},"content":{"rendered":"<p>For 200 \u00e5r siden blev vildmarken ved Jammerbugten i Nordvestjylland udr\u00e5bt som det sk\u00f8nneste sted i kongeriget. Nu beskyttes det af et stort naturprojekt p\u00e5 800 ha.<\/p>\n<p>Her f\u00e5r vilde dyr og planter flere og bedre levesteder, og alle f\u00e5r nye muligheder for at opleve naturen.<\/p>\n<p>Storsl\u00e5ede udsigter s\u00e5 langt \u00f8jet r\u00e6kker. Uendelige landskaber af kystklitter og hede ud til havet. Gr\u00f8nnestrand er \u00e6gte dansk vildmark ved Jammerbugten i Nordvestjylland. <\/p>\n<p>Kildehenvisning:<\/p>\n<p>\u201cGr\u00f8nnestrand\u201d<br \/>\nnaturfonden.dk\/<br \/>\n<a href=\"https:\/\/naturfonden.dk\/natur\/groennestrand\/\" target=\"_blank\">https:\/\/naturfonden.dk\/natur\/groennestrand\/<\/a><\/p>\n","protected":false},"excerpt":{"rendered":"<p>For 200 \u00e5r siden blev vildmarken ved Jammerbugten i Nordvestjylland udr\u00e5bt som det sk\u00f8nneste sted i kongeriget. Nu beskyttes det af et stort naturprojekt p\u00e5 800 ha. Her f\u00e5r vilde&hellip;<\/p>\n","protected":false},"author":1,"featured_media":1292,"parent":591,"menu_order":0,"comment_status":"closed","ping_status":"closed","template":"","meta":{"footnotes":""},"class_list":["post-1291","page","type-page","status-publish","has-post-thumbnail","hentry"],"yoast_head":"<!-- This site is optimized with the Yoast SEO Premium plugin v27.4 (Yoast SEO v27.4) - https:\/\/yoast.com\/product\/yoast-seo-premium-wordpress\/ -->\n<title>Gr\u00f8nnestrand - Natur og mad<\/title>\n<meta name=\"description\" content=\"For 200 \u00e5r siden blev vildmarken ved Jammerbugten i Nordvestjylland udr\u00e5bt som det sk\u00f8nneste sted i kongeriget.\" \/>\n<meta name=\"robots\" content=\"index, follow, max-snippet:-1, max-image-preview:large, max-video-preview:-1\" \/>\n<link rel=\"canonical\" href=\"https:\/\/naturogmad.dk\/index.php\/ud-i-naturen\/groennestrand\/\" \/>\n<meta property=\"og:locale\" content=\"da_DK\" \/>\n<meta property=\"og:type\" content=\"article\" \/>\n<meta property=\"og:title\" content=\"Gr\u00f8nnestrand\" \/>\n<meta property=\"og:description\" content=\"For 200 \u00e5r siden blev vildmarken ved Jammerbugten i Nordvestjylland udr\u00e5bt som det sk\u00f8nneste sted i kongeriget.\" \/>\n<meta property=\"og:url\" content=\"https:\/\/naturogmad.dk\/index.php\/ud-i-naturen\/groennestrand\/\" \/>\n<meta property=\"og:site_name\" content=\"Natur og mad\" \/>\n<meta property=\"article:modified_time\" content=\"2026-03-06T12:22:40+00:00\" \/>\n<meta property=\"og:image\" content=\"https:\/\/naturogmad.dk\/wp-content\/uploads\/2026\/03\/Havet_2.webp\" \/>\n\t<meta property=\"og:image:width\" content=\"1600\" \/>\n\t<meta property=\"og:image:height\" content=\"575\" \/>\n\t<meta property=\"og:image:type\" content=\"image\/webp\" \/>\n<meta name=\"twitter:card\" content=\"summary_large_image\" \/>\n<meta name=\"twitter:label1\" content=\"Estimeret l\u00e6setid\" \/>\n\t<meta name=\"twitter:data1\" content=\"1 minut\" \/>\n<script type=\"application\/ld+json\" class=\"yoast-schema-graph\">{\"@context\":\"https:\\\/\\\/schema.org\",\"@graph\":[{\"@type\":\"WebPage\",\"@id\":\"https:\\\/\\\/naturogmad.dk\\\/index.php\\\/ud-i-naturen\\\/groennestrand\\\/\",\"url\":\"https:\\\/\\\/naturogmad.dk\\\/index.php\\\/ud-i-naturen\\\/groennestrand\\\/\",\"name\":\"Gr\u00f8nnestrand - Natur og mad\",\"isPartOf\":{\"@id\":\"https:\\\/\\\/naturogmad.dk\\\/#website\"},\"primaryImageOfPage\":{\"@id\":\"https:\\\/\\\/naturogmad.dk\\\/index.php\\\/ud-i-naturen\\\/groennestrand\\\/#primaryimage\"},\"image\":{\"@id\":\"https:\\\/\\\/naturogmad.dk\\\/index.php\\\/ud-i-naturen\\\/groennestrand\\\/#primaryimage\"},\"thumbnailUrl\":\"https:\\\/\\\/naturogmad.dk\\\/wp-content\\\/uploads\\\/2026\\\/03\\\/Havet_2.webp\",\"datePublished\":\"2026-03-06T12:16:12+00:00\",\"dateModified\":\"2026-03-06T12:22:40+00:00\",\"description\":\"For 200 \u00e5r siden blev vildmarken ved Jammerbugten i Nordvestjylland udr\u00e5bt som det sk\u00f8nneste sted i kongeriget.\",\"breadcrumb\":{\"@id\":\"https:\\\/\\\/naturogmad.dk\\\/index.php\\\/ud-i-naturen\\\/groennestrand\\\/#breadcrumb\"},\"inLanguage\":\"da-DK\",\"potentialAction\":[{\"@type\":\"ReadAction\",\"target\":[\"https:\\\/\\\/naturogmad.dk\\\/index.php\\\/ud-i-naturen\\\/groennestrand\\\/\"]}]},{\"@type\":\"ImageObject\",\"inLanguage\":\"da-DK\",\"@id\":\"https:\\\/\\\/naturogmad.dk\\\/index.php\\\/ud-i-naturen\\\/groennestrand\\\/#primaryimage\",\"url\":\"https:\\\/\\\/naturogmad.dk\\\/wp-content\\\/uploads\\\/2026\\\/03\\\/Havet_2.webp\",\"contentUrl\":\"https:\\\/\\\/naturogmad.dk\\\/wp-content\\\/uploads\\\/2026\\\/03\\\/Havet_2.webp\",\"width\":1600,\"height\":575,\"caption\":\"havet\"},{\"@type\":\"BreadcrumbList\",\"@id\":\"https:\\\/\\\/naturogmad.dk\\\/index.php\\\/ud-i-naturen\\\/groennestrand\\\/#breadcrumb\",\"itemListElement\":[{\"@type\":\"ListItem\",\"position\":1,\"name\":\"Home\",\"item\":\"https:\\\/\\\/naturogmad.dk\\\/\"},{\"@type\":\"ListItem\",\"position\":2,\"name\":\"Ud i naturen\",\"item\":\"https:\\\/\\\/naturogmad.dk\\\/index.php\\\/ud-i-naturen\\\/\"},{\"@type\":\"ListItem\",\"position\":3,\"name\":\"Gr\u00f8nnestrand\"}]},{\"@type\":\"WebSite\",\"@id\":\"https:\\\/\\\/naturogmad.dk\\\/#website\",\"url\":\"https:\\\/\\\/naturogmad.dk\\\/\",\"name\":\"Natur og mad\",\"description\":\"natur milj\u00f8 biodiversitet landbrug dyrevelf\u00e6rd mad\",\"publisher\":{\"@id\":\"https:\\\/\\\/naturogmad.dk\\\/#organization\"},\"potentialAction\":[{\"@type\":\"SearchAction\",\"target\":{\"@type\":\"EntryPoint\",\"urlTemplate\":\"https:\\\/\\\/naturogmad.dk\\\/?s={search_term_string}\"},\"query-input\":{\"@type\":\"PropertyValueSpecification\",\"valueRequired\":true,\"valueName\":\"search_term_string\"}}],\"inLanguage\":\"da-DK\"},{\"@type\":[\"Organization\",\"Place\"],\"@id\":\"https:\\\/\\\/naturogmad.dk\\\/#organization\",\"name\":\"Natur og mad\",\"url\":\"https:\\\/\\\/naturogmad.dk\\\/\",\"logo\":{\"@id\":\"https:\\\/\\\/naturogmad.dk\\\/index.php\\\/ud-i-naturen\\\/groennestrand\\\/#local-main-organization-logo\"},\"image\":{\"@id\":\"https:\\\/\\\/naturogmad.dk\\\/index.php\\\/ud-i-naturen\\\/groennestrand\\\/#local-main-organization-logo\"},\"numberOfEmployees\":{\"@type\":\"QuantitativeValue\",\"minValue\":\"1\",\"maxValue\":\"10\"},\"telephone\":[],\"openingHoursSpecification\":[{\"@type\":\"OpeningHoursSpecification\",\"dayOfWeek\":[\"Monday\",\"Tuesday\",\"Wednesday\",\"Thursday\",\"Friday\",\"Saturday\",\"Sunday\"],\"opens\":\"09:00\",\"closes\":\"17:00\"}]},{\"@type\":\"ImageObject\",\"inLanguage\":\"da-DK\",\"@id\":\"https:\\\/\\\/naturogmad.dk\\\/index.php\\\/ud-i-naturen\\\/groennestrand\\\/#local-main-organization-logo\",\"url\":\"https:\\\/\\\/naturogmad.dk\\\/wp-content\\\/uploads\\\/2026\\\/02\\\/cropped-ikon.webp\",\"contentUrl\":\"https:\\\/\\\/naturogmad.dk\\\/wp-content\\\/uploads\\\/2026\\\/02\\\/cropped-ikon.webp\",\"width\":512,\"height\":512,\"caption\":\"Natur og mad\"}]}<\/script>\n<!-- \/ Yoast SEO Premium plugin. -->","yoast_head_json":{"title":"Gr\u00f8nnestrand - Natur og mad","description":"For 200 \u00e5r siden blev vildmarken ved Jammerbugten i Nordvestjylland udr\u00e5bt som det sk\u00f8nneste sted i kongeriget.","robots":{"index":"index","follow":"follow","max-snippet":"max-snippet:-1","max-image-preview":"max-image-preview:large","max-video-preview":"max-video-preview:-1"},"canonical":"https:\/\/naturogmad.dk\/index.php\/ud-i-naturen\/groennestrand\/","og_locale":"da_DK","og_type":"article","og_title":"Gr\u00f8nnestrand","og_description":"For 200 \u00e5r siden blev vildmarken ved Jammerbugten i Nordvestjylland udr\u00e5bt som det sk\u00f8nneste sted i kongeriget.","og_url":"https:\/\/naturogmad.dk\/index.php\/ud-i-naturen\/groennestrand\/","og_site_name":"Natur og mad","article_modified_time":"2026-03-06T12:22:40+00:00","og_image":[{"width":1600,"height":575,"url":"https:\/\/naturogmad.dk\/wp-content\/uploads\/2026\/03\/Havet_2.webp","type":"image\/webp"}],"twitter_card":"summary_large_image","twitter_misc":{"Estimeret l\u00e6setid":"1 minut"},"schema":{"@context":"https:\/\/schema.org","@graph":[{"@type":"WebPage","@id":"https:\/\/naturogmad.dk\/index.php\/ud-i-naturen\/groennestrand\/","url":"https:\/\/naturogmad.dk\/index.php\/ud-i-naturen\/groennestrand\/","name":"Gr\u00f8nnestrand - Natur og mad","isPartOf":{"@id":"https:\/\/naturogmad.dk\/#website"},"primaryImageOfPage":{"@id":"https:\/\/naturogmad.dk\/index.php\/ud-i-naturen\/groennestrand\/#primaryimage"},"image":{"@id":"https:\/\/naturogmad.dk\/index.php\/ud-i-naturen\/groennestrand\/#primaryimage"},"thumbnailUrl":"https:\/\/naturogmad.dk\/wp-content\/uploads\/2026\/03\/Havet_2.webp","datePublished":"2026-03-06T12:16:12+00:00","dateModified":"2026-03-06T12:22:40+00:00","description":"For 200 \u00e5r siden blev vildmarken ved Jammerbugten i Nordvestjylland udr\u00e5bt som det sk\u00f8nneste sted i kongeriget.","breadcrumb":{"@id":"https:\/\/naturogmad.dk\/index.php\/ud-i-naturen\/groennestrand\/#breadcrumb"},"inLanguage":"da-DK","potentialAction":[{"@type":"ReadAction","target":["https:\/\/naturogmad.dk\/index.php\/ud-i-naturen\/groennestrand\/"]}]},{"@type":"ImageObject","inLanguage":"da-DK","@id":"https:\/\/naturogmad.dk\/index.php\/ud-i-naturen\/groennestrand\/#primaryimage","url":"https:\/\/naturogmad.dk\/wp-content\/uploads\/2026\/03\/Havet_2.webp","contentUrl":"https:\/\/naturogmad.dk\/wp-content\/uploads\/2026\/03\/Havet_2.webp","width":1600,"height":575,"caption":"havet"},{"@type":"BreadcrumbList","@id":"https:\/\/naturogmad.dk\/index.php\/ud-i-naturen\/groennestrand\/#breadcrumb","itemListElement":[{"@type":"ListItem","position":1,"name":"Home","item":"https:\/\/naturogmad.dk\/"},{"@type":"ListItem","position":2,"name":"Ud i naturen","item":"https:\/\/naturogmad.dk\/index.php\/ud-i-naturen\/"},{"@type":"ListItem","position":3,"name":"Gr\u00f8nnestrand"}]},{"@type":"WebSite","@id":"https:\/\/naturogmad.dk\/#website","url":"https:\/\/naturogmad.dk\/","name":"Natur og mad","description":"natur milj\u00f8 biodiversitet landbrug dyrevelf\u00e6rd mad","publisher":{"@id":"https:\/\/naturogmad.dk\/#organization"},"potentialAction":[{"@type":"SearchAction","target":{"@type":"EntryPoint","urlTemplate":"https:\/\/naturogmad.dk\/?s={search_term_string}"},"query-input":{"@type":"PropertyValueSpecification","valueRequired":true,"valueName":"search_term_string"}}],"inLanguage":"da-DK"},{"@type":["Organization","Place"],"@id":"https:\/\/naturogmad.dk\/#organization","name":"Natur og mad","url":"https:\/\/naturogmad.dk\/","logo":{"@id":"https:\/\/naturogmad.dk\/index.php\/ud-i-naturen\/groennestrand\/#local-main-organization-logo"},"image":{"@id":"https:\/\/naturogmad.dk\/index.php\/ud-i-naturen\/groennestrand\/#local-main-organization-logo"},"numberOfEmployees":{"@type":"QuantitativeValue","minValue":"1","maxValue":"10"},"telephone":[],"openingHoursSpecification":[{"@type":"OpeningHoursSpecification","dayOfWeek":["Monday","Tuesday","Wednesday","Thursday","Friday","Saturday","Sunday"],"opens":"09:00","closes":"17:00"}]},{"@type":"ImageObject","inLanguage":"da-DK","@id":"https:\/\/naturogmad.dk\/index.php\/ud-i-naturen\/groennestrand\/#local-main-organization-logo","url":"https:\/\/naturogmad.dk\/wp-content\/uploads\/2026\/02\/cropped-ikon.webp","contentUrl":"https:\/\/naturogmad.dk\/wp-content\/uploads\/2026\/02\/cropped-ikon.webp","width":512,"height":512,"caption":"Natur og mad"}]}},"_links":{"self":[{"href":"https:\/\/naturogmad.dk\/index.php\/wp-json\/wp\/v2\/pages\/1291","targetHints":{"allow":["GET"]}}],"collection":[{"href":"https:\/\/naturogmad.dk\/index.php\/wp-json\/wp\/v2\/pages"}],"about":[{"href":"https:\/\/naturogmad.dk\/index.php\/wp-json\/wp\/v2\/types\/page"}],"author":[{"embeddable":true,"href":"https:\/\/naturogmad.dk\/index.php\/wp-json\/wp\/v2\/users\/1"}],"replies":[{"embeddable":true,"href":"https:\/\/naturogmad.dk\/index.php\/wp-json\/wp\/v2\/comments?post=1291"}],"version-history":[{"count":0,"href":"https:\/\/naturogmad.dk\/index.php\/wp-json\/wp\/v2\/pages\/1291\/revisions"}],"up":[{"embeddable":true,"href":"https:\/\/naturogmad.dk\/index.php\/wp-json\/wp\/v2\/pages\/591"}],"wp:featuredmedia":[{"embeddable":true,"href":"https:\/\/naturogmad.dk\/index.php\/wp-json\/wp\/v2\/media\/1292"}],"wp:attachment":[{"href":"https:\/\/naturogmad.dk\/index.php\/wp-json\/wp\/v2\/media?parent=1291"}],"curies":[{"name":"wp","href":"https:\/\/api.w.org\/{rel}","templated":true}]}}