{"id":1170,"date":"2026-02-28T08:28:00","date_gmt":"2026-02-28T07:28:00","guid":{"rendered":"https:\/\/naturogmad.dk\/?page_id=1170"},"modified":"2026-03-06T13:24:25","modified_gmt":"2026-03-06T12:24:25","slug":"oplev-vejle-aadal","status":"publish","type":"page","link":"https:\/\/naturogmad.dk\/index.php\/ud-i-naturen\/oplev-vejle-aadal\/","title":{"rendered":"Oplev Vejle \u00c5dal"},"content":{"rendered":"<p>Smukke skr\u00e6nter og flotte udsigter til Vejle \u00c5. Dybe slugter med gamle tr\u00e6er og rislende b\u00e6kke.<\/p>\n<p>Vejle \u00c5dal er en af Danmarks flotteste \u00e5dale med den ene smukke udsigt efter den anden. \u00c5dalens mange slags natur er levested for mange forskellige arter dyr og planter.<\/p>\n<p>Men naturen kan f\u00e5 det endnu bedre ved at s\u00f8rge for flere og st\u00f8rre naturomr\u00e5der, hvor naturen kan trives, som den vil. Det arbejder Naturfonden for i samarbejde med Vejle Kommune.<\/p>\n<p>Naturfonden beskytter flere omr\u00e5der p\u00e5 i alt 232 ha, hvor kan kan naturen trives, som den vil, og som hj\u00e6lper med renere vand  i Vejle Fjord.  Med tiden kan mere af \u00e5dalen m\u00e5ske blive til endnu bedre levesteder for at hj\u00e6lpe biodiversiteten, vandmilj\u00f8 og klimaet.<\/p>\n<p>Alle er velkommen til at nyde naturen ad de flere kilometer vandre- og cykelruter.<br \/>\nKildehenvisning:<\/p>\n<p>\u201cVejle \u00c5dal\u201d<br \/>\nnaturfonden.dk<br \/>\n<a href=\"https:\/\/naturfonden.dk\/natur\/vejle-aadal\/\" target=\"_blank\">https:\/\/naturfonden.dk\/natur\/vejle-aadal\/<\/a><\/p>\n","protected":false},"excerpt":{"rendered":"<p>Smukke skr\u00e6nter og flotte udsigter til Vejle \u00c5. Dybe slugter med gamle tr\u00e6er og rislende b\u00e6kke. Vejle \u00c5dal er en af Danmarks flotteste \u00e5dale med den ene smukke udsigt efter&hellip;<\/p>\n","protected":false},"author":1,"featured_media":1171,"parent":591,"menu_order":0,"comment_status":"closed","ping_status":"closed","template":"","meta":{"footnotes":""},"class_list":["post-1170","page","type-page","status-publish","has-post-thumbnail","hentry"],"yoast_head":"<!-- This site is optimized with the Yoast SEO Premium plugin v27.4 (Yoast SEO v27.4) - https:\/\/yoast.com\/product\/yoast-seo-premium-wordpress\/ -->\n<title>Oplev Vejle \u00c5dal - Natur og mad<\/title>\n<meta name=\"description\" content=\"Smukke skr\u00e6nter og flotte udsigter til Vejle \u00c5. Dybe slugter med gamle tr\u00e6er og rislende b\u00e6kke.\" \/>\n<meta name=\"robots\" content=\"index, follow, max-snippet:-1, max-image-preview:large, max-video-preview:-1\" \/>\n<link rel=\"canonical\" href=\"https:\/\/naturogmad.dk\/index.php\/ud-i-naturen\/oplev-vejle-aadal\/\" \/>\n<meta property=\"og:locale\" content=\"da_DK\" \/>\n<meta property=\"og:type\" content=\"article\" \/>\n<meta property=\"og:title\" content=\"Oplev Vejle \u00c5dal\" \/>\n<meta property=\"og:description\" content=\"Smukke skr\u00e6nter og flotte udsigter til Vejle \u00c5. Dybe slugter med gamle tr\u00e6er og rislende b\u00e6kke.\" \/>\n<meta property=\"og:url\" content=\"https:\/\/naturogmad.dk\/index.php\/ud-i-naturen\/oplev-vejle-aadal\/\" \/>\n<meta property=\"og:site_name\" content=\"Natur og mad\" \/>\n<meta property=\"article:modified_time\" content=\"2026-03-06T12:24:25+00:00\" \/>\n<meta property=\"og:image\" content=\"https:\/\/naturogmad.dk\/wp-content\/uploads\/2026\/02\/Natur_2.webp\" \/>\n\t<meta property=\"og:image:width\" content=\"1600\" \/>\n\t<meta property=\"og:image:height\" content=\"575\" \/>\n\t<meta property=\"og:image:type\" content=\"image\/webp\" \/>\n<meta name=\"twitter:card\" content=\"summary_large_image\" \/>\n<meta name=\"twitter:label1\" content=\"Estimeret l\u00e6setid\" \/>\n\t<meta name=\"twitter:data1\" content=\"1 minut\" \/>\n<script type=\"application\/ld+json\" class=\"yoast-schema-graph\">{\"@context\":\"https:\\\/\\\/schema.org\",\"@graph\":[{\"@type\":\"WebPage\",\"@id\":\"https:\\\/\\\/naturogmad.dk\\\/index.php\\\/ud-i-naturen\\\/oplev-vejle-aadal\\\/\",\"url\":\"https:\\\/\\\/naturogmad.dk\\\/index.php\\\/ud-i-naturen\\\/oplev-vejle-aadal\\\/\",\"name\":\"Oplev Vejle \u00c5dal - Natur og mad\",\"isPartOf\":{\"@id\":\"https:\\\/\\\/naturogmad.dk\\\/#website\"},\"primaryImageOfPage\":{\"@id\":\"https:\\\/\\\/naturogmad.dk\\\/index.php\\\/ud-i-naturen\\\/oplev-vejle-aadal\\\/#primaryimage\"},\"image\":{\"@id\":\"https:\\\/\\\/naturogmad.dk\\\/index.php\\\/ud-i-naturen\\\/oplev-vejle-aadal\\\/#primaryimage\"},\"thumbnailUrl\":\"https:\\\/\\\/naturogmad.dk\\\/wp-content\\\/uploads\\\/2026\\\/02\\\/Natur_2.webp\",\"datePublished\":\"2026-02-28T07:28:00+00:00\",\"dateModified\":\"2026-03-06T12:24:25+00:00\",\"description\":\"Smukke skr\u00e6nter og flotte udsigter til Vejle \u00c5. Dybe slugter med gamle tr\u00e6er og rislende b\u00e6kke.\",\"breadcrumb\":{\"@id\":\"https:\\\/\\\/naturogmad.dk\\\/index.php\\\/ud-i-naturen\\\/oplev-vejle-aadal\\\/#breadcrumb\"},\"inLanguage\":\"da-DK\",\"potentialAction\":[{\"@type\":\"ReadAction\",\"target\":[\"https:\\\/\\\/naturogmad.dk\\\/index.php\\\/ud-i-naturen\\\/oplev-vejle-aadal\\\/\"]}]},{\"@type\":\"ImageObject\",\"inLanguage\":\"da-DK\",\"@id\":\"https:\\\/\\\/naturogmad.dk\\\/index.php\\\/ud-i-naturen\\\/oplev-vejle-aadal\\\/#primaryimage\",\"url\":\"https:\\\/\\\/naturogmad.dk\\\/wp-content\\\/uploads\\\/2026\\\/02\\\/Natur_2.webp\",\"contentUrl\":\"https:\\\/\\\/naturogmad.dk\\\/wp-content\\\/uploads\\\/2026\\\/02\\\/Natur_2.webp\",\"width\":1600,\"height\":575,\"caption\":\"\u00e5l\u00f8b\"},{\"@type\":\"BreadcrumbList\",\"@id\":\"https:\\\/\\\/naturogmad.dk\\\/index.php\\\/ud-i-naturen\\\/oplev-vejle-aadal\\\/#breadcrumb\",\"itemListElement\":[{\"@type\":\"ListItem\",\"position\":1,\"name\":\"Home\",\"item\":\"https:\\\/\\\/naturogmad.dk\\\/\"},{\"@type\":\"ListItem\",\"position\":2,\"name\":\"Ud i naturen\",\"item\":\"https:\\\/\\\/naturogmad.dk\\\/index.php\\\/ud-i-naturen\\\/\"},{\"@type\":\"ListItem\",\"position\":3,\"name\":\"Oplev Vejle \u00c5dal\"}]},{\"@type\":\"WebSite\",\"@id\":\"https:\\\/\\\/naturogmad.dk\\\/#website\",\"url\":\"https:\\\/\\\/naturogmad.dk\\\/\",\"name\":\"Natur og mad\",\"description\":\"natur milj\u00f8 biodiversitet landbrug dyrevelf\u00e6rd mad\",\"publisher\":{\"@id\":\"https:\\\/\\\/naturogmad.dk\\\/#organization\"},\"potentialAction\":[{\"@type\":\"SearchAction\",\"target\":{\"@type\":\"EntryPoint\",\"urlTemplate\":\"https:\\\/\\\/naturogmad.dk\\\/?s={search_term_string}\"},\"query-input\":{\"@type\":\"PropertyValueSpecification\",\"valueRequired\":true,\"valueName\":\"search_term_string\"}}],\"inLanguage\":\"da-DK\"},{\"@type\":[\"Organization\",\"Place\"],\"@id\":\"https:\\\/\\\/naturogmad.dk\\\/#organization\",\"name\":\"Natur og mad\",\"url\":\"https:\\\/\\\/naturogmad.dk\\\/\",\"logo\":{\"@id\":\"https:\\\/\\\/naturogmad.dk\\\/index.php\\\/ud-i-naturen\\\/oplev-vejle-aadal\\\/#local-main-organization-logo\"},\"image\":{\"@id\":\"https:\\\/\\\/naturogmad.dk\\\/index.php\\\/ud-i-naturen\\\/oplev-vejle-aadal\\\/#local-main-organization-logo\"},\"numberOfEmployees\":{\"@type\":\"QuantitativeValue\",\"minValue\":\"1\",\"maxValue\":\"10\"},\"telephone\":[],\"openingHoursSpecification\":[{\"@type\":\"OpeningHoursSpecification\",\"dayOfWeek\":[\"Monday\",\"Tuesday\",\"Wednesday\",\"Thursday\",\"Friday\",\"Saturday\",\"Sunday\"],\"opens\":\"09:00\",\"closes\":\"17:00\"}]},{\"@type\":\"ImageObject\",\"inLanguage\":\"da-DK\",\"@id\":\"https:\\\/\\\/naturogmad.dk\\\/index.php\\\/ud-i-naturen\\\/oplev-vejle-aadal\\\/#local-main-organization-logo\",\"url\":\"https:\\\/\\\/naturogmad.dk\\\/wp-content\\\/uploads\\\/2026\\\/02\\\/cropped-ikon.webp\",\"contentUrl\":\"https:\\\/\\\/naturogmad.dk\\\/wp-content\\\/uploads\\\/2026\\\/02\\\/cropped-ikon.webp\",\"width\":512,\"height\":512,\"caption\":\"Natur og mad\"}]}<\/script>\n<!-- \/ Yoast SEO Premium plugin. -->","yoast_head_json":{"title":"Oplev Vejle \u00c5dal - Natur og mad","description":"Smukke skr\u00e6nter og flotte udsigter til Vejle \u00c5. Dybe slugter med gamle tr\u00e6er og rislende b\u00e6kke.","robots":{"index":"index","follow":"follow","max-snippet":"max-snippet:-1","max-image-preview":"max-image-preview:large","max-video-preview":"max-video-preview:-1"},"canonical":"https:\/\/naturogmad.dk\/index.php\/ud-i-naturen\/oplev-vejle-aadal\/","og_locale":"da_DK","og_type":"article","og_title":"Oplev Vejle \u00c5dal","og_description":"Smukke skr\u00e6nter og flotte udsigter til Vejle \u00c5. Dybe slugter med gamle tr\u00e6er og rislende b\u00e6kke.","og_url":"https:\/\/naturogmad.dk\/index.php\/ud-i-naturen\/oplev-vejle-aadal\/","og_site_name":"Natur og mad","article_modified_time":"2026-03-06T12:24:25+00:00","og_image":[{"width":1600,"height":575,"url":"https:\/\/naturogmad.dk\/wp-content\/uploads\/2026\/02\/Natur_2.webp","type":"image\/webp"}],"twitter_card":"summary_large_image","twitter_misc":{"Estimeret l\u00e6setid":"1 minut"},"schema":{"@context":"https:\/\/schema.org","@graph":[{"@type":"WebPage","@id":"https:\/\/naturogmad.dk\/index.php\/ud-i-naturen\/oplev-vejle-aadal\/","url":"https:\/\/naturogmad.dk\/index.php\/ud-i-naturen\/oplev-vejle-aadal\/","name":"Oplev Vejle \u00c5dal - Natur og mad","isPartOf":{"@id":"https:\/\/naturogmad.dk\/#website"},"primaryImageOfPage":{"@id":"https:\/\/naturogmad.dk\/index.php\/ud-i-naturen\/oplev-vejle-aadal\/#primaryimage"},"image":{"@id":"https:\/\/naturogmad.dk\/index.php\/ud-i-naturen\/oplev-vejle-aadal\/#primaryimage"},"thumbnailUrl":"https:\/\/naturogmad.dk\/wp-content\/uploads\/2026\/02\/Natur_2.webp","datePublished":"2026-02-28T07:28:00+00:00","dateModified":"2026-03-06T12:24:25+00:00","description":"Smukke skr\u00e6nter og flotte udsigter til Vejle \u00c5. Dybe slugter med gamle tr\u00e6er og rislende b\u00e6kke.","breadcrumb":{"@id":"https:\/\/naturogmad.dk\/index.php\/ud-i-naturen\/oplev-vejle-aadal\/#breadcrumb"},"inLanguage":"da-DK","potentialAction":[{"@type":"ReadAction","target":["https:\/\/naturogmad.dk\/index.php\/ud-i-naturen\/oplev-vejle-aadal\/"]}]},{"@type":"ImageObject","inLanguage":"da-DK","@id":"https:\/\/naturogmad.dk\/index.php\/ud-i-naturen\/oplev-vejle-aadal\/#primaryimage","url":"https:\/\/naturogmad.dk\/wp-content\/uploads\/2026\/02\/Natur_2.webp","contentUrl":"https:\/\/naturogmad.dk\/wp-content\/uploads\/2026\/02\/Natur_2.webp","width":1600,"height":575,"caption":"\u00e5l\u00f8b"},{"@type":"BreadcrumbList","@id":"https:\/\/naturogmad.dk\/index.php\/ud-i-naturen\/oplev-vejle-aadal\/#breadcrumb","itemListElement":[{"@type":"ListItem","position":1,"name":"Home","item":"https:\/\/naturogmad.dk\/"},{"@type":"ListItem","position":2,"name":"Ud i naturen","item":"https:\/\/naturogmad.dk\/index.php\/ud-i-naturen\/"},{"@type":"ListItem","position":3,"name":"Oplev Vejle \u00c5dal"}]},{"@type":"WebSite","@id":"https:\/\/naturogmad.dk\/#website","url":"https:\/\/naturogmad.dk\/","name":"Natur og mad","description":"natur milj\u00f8 biodiversitet landbrug dyrevelf\u00e6rd mad","publisher":{"@id":"https:\/\/naturogmad.dk\/#organization"},"potentialAction":[{"@type":"SearchAction","target":{"@type":"EntryPoint","urlTemplate":"https:\/\/naturogmad.dk\/?s={search_term_string}"},"query-input":{"@type":"PropertyValueSpecification","valueRequired":true,"valueName":"search_term_string"}}],"inLanguage":"da-DK"},{"@type":["Organization","Place"],"@id":"https:\/\/naturogmad.dk\/#organization","name":"Natur og mad","url":"https:\/\/naturogmad.dk\/","logo":{"@id":"https:\/\/naturogmad.dk\/index.php\/ud-i-naturen\/oplev-vejle-aadal\/#local-main-organization-logo"},"image":{"@id":"https:\/\/naturogmad.dk\/index.php\/ud-i-naturen\/oplev-vejle-aadal\/#local-main-organization-logo"},"numberOfEmployees":{"@type":"QuantitativeValue","minValue":"1","maxValue":"10"},"telephone":[],"openingHoursSpecification":[{"@type":"OpeningHoursSpecification","dayOfWeek":["Monday","Tuesday","Wednesday","Thursday","Friday","Saturday","Sunday"],"opens":"09:00","closes":"17:00"}]},{"@type":"ImageObject","inLanguage":"da-DK","@id":"https:\/\/naturogmad.dk\/index.php\/ud-i-naturen\/oplev-vejle-aadal\/#local-main-organization-logo","url":"https:\/\/naturogmad.dk\/wp-content\/uploads\/2026\/02\/cropped-ikon.webp","contentUrl":"https:\/\/naturogmad.dk\/wp-content\/uploads\/2026\/02\/cropped-ikon.webp","width":512,"height":512,"caption":"Natur og mad"}]}},"_links":{"self":[{"href":"https:\/\/naturogmad.dk\/index.php\/wp-json\/wp\/v2\/pages\/1170","targetHints":{"allow":["GET"]}}],"collection":[{"href":"https:\/\/naturogmad.dk\/index.php\/wp-json\/wp\/v2\/pages"}],"about":[{"href":"https:\/\/naturogmad.dk\/index.php\/wp-json\/wp\/v2\/types\/page"}],"author":[{"embeddable":true,"href":"https:\/\/naturogmad.dk\/index.php\/wp-json\/wp\/v2\/users\/1"}],"replies":[{"embeddable":true,"href":"https:\/\/naturogmad.dk\/index.php\/wp-json\/wp\/v2\/comments?post=1170"}],"version-history":[{"count":0,"href":"https:\/\/naturogmad.dk\/index.php\/wp-json\/wp\/v2\/pages\/1170\/revisions"}],"up":[{"embeddable":true,"href":"https:\/\/naturogmad.dk\/index.php\/wp-json\/wp\/v2\/pages\/591"}],"wp:featuredmedia":[{"embeddable":true,"href":"https:\/\/naturogmad.dk\/index.php\/wp-json\/wp\/v2\/media\/1171"}],"wp:attachment":[{"href":"https:\/\/naturogmad.dk\/index.php\/wp-json\/wp\/v2\/media?parent=1170"}],"curies":[{"name":"wp","href":"https:\/\/api.w.org\/{rel}","templated":true}]}}